{"id":9676,"date":"2024-06-18T12:31:06","date_gmt":"2024-06-18T10:31:06","guid":{"rendered":"https:\/\/etc-guarantee.com\/index.php\/irrevocable-reimbursement-undertaking-iru-2\/"},"modified":"2024-08-24T13:15:44","modified_gmt":"2024-08-24T11:15:44","slug":"irrevocable-reimbursement-undertaking-iru-2","status":"publish","type":"page","link":"https:\/\/etc-guarantee.com\/index.php\/fr\/irrevocable-reimbursement-undertaking-iru-2\/","title":{"rendered":"Engagement de Remboursement Irr\u00e9vocable (IRU)"},"content":{"rendered":"","protected":false},"excerpt":{"rendered":"","protected":false},"author":1,"featured_media":9779,"parent":0,"menu_order":0,"comment_status":"closed","ping_status":"closed","template":"","meta":{"content-type":"","footnotes":""},"class_list":["post-9676","page","type-page","status-publish","has-post-thumbnail","hentry"],"yoast_head":"<!-- This site is optimized with the Yoast SEO Premium plugin v27.3 (Yoast SEO v27.3) - https:\/\/yoast.com\/product\/yoast-seo-premium-wordpress\/ -->\n<title>Engagement de Remboursement Irr\u00e9vocable (IRU) - ETC Guarantee<\/title>\n<meta name=\"description\" content=\"L\u2019Irrevocable Reimbursement Undertaking (IRU) propos\u00e9 par ETC est une Garantie de Paiement qui \u00e0 pour finalit\u00e9 d&#039;assurer au b\u00e9n\u00e9ficiaire...\" \/>\n<meta name=\"robots\" content=\"index, follow, max-snippet:-1, max-image-preview:large, max-video-preview:-1\" \/>\n<link rel=\"canonical\" href=\"https:\/\/etc-guarantee.com\/index.php\/fr\/irrevocable-reimbursement-undertaking-iru-2\/\" \/>\n<meta property=\"og:locale\" content=\"en_US\" \/>\n<meta property=\"og:type\" content=\"article\" \/>\n<meta property=\"og:title\" content=\"Irrevocable Reimbursement Undertaking IRU\" \/>\n<meta property=\"og:description\" content=\"L\u2019Irrevocable Reimbursement Undertaking (IRU) propos\u00e9 par ETC est une Garantie de Paiement qui \u00e0 pour finalit\u00e9 d&#039;assurer au b\u00e9n\u00e9ficiaire, g\u00e9n\u00e9ralement un exportateur, qu&#039;il recevra le paiement de la part de la banque \u00e9mettrice si toutes les conditions sp\u00e9cifi\u00e9es dans le cr\u00e9dit documentaire (lettre de cr\u00e9dit) sont remplies.\" \/>\n<meta property=\"og:url\" content=\"https:\/\/etc-guarantee.com\/index.php\/fr\/irrevocable-reimbursement-undertaking-iru-2\/\" \/>\n<meta property=\"og:site_name\" content=\"ETC Guarantee\" \/>\n<meta property=\"article:modified_time\" content=\"2024-08-24T11:15:44+00:00\" \/>\n<meta property=\"og:image\" content=\"https:\/\/etc-guarantee.com\/wp-content\/uploads\/2024\/06\/IRU-1-1024x683.png\" \/>\n\t<meta property=\"og:image:width\" content=\"1024\" \/>\n\t<meta property=\"og:image:height\" content=\"683\" \/>\n\t<meta property=\"og:image:type\" content=\"image\/png\" \/>\n<meta name=\"twitter:card\" content=\"summary_large_image\" \/>\n<meta name=\"twitter:title\" content=\"Irrevocable Reimbursement Undertaking (IRU)\" \/>\n<meta name=\"twitter:description\" content=\"L\u2019Irrevocable Reimbursement Undertaking (IRU) propos\u00e9 par ETC est une Garantie de Paiement qui \u00e0 pour finalit\u00e9 d&#039;assurer au b\u00e9n\u00e9ficiaire, g\u00e9n\u00e9ralement un exportateur, qu&#039;il recevra le paiement de la part de la banque \u00e9mettrice si toutes les conditions sp\u00e9cifi\u00e9es dans le cr\u00e9dit documentaire (lettre de cr\u00e9dit) sont remplies.\" \/>\n<meta name=\"twitter:image\" content=\"https:\/\/etc-guarantee.com\/wp-content\/uploads\/2024\/06\/IRU-1.png\" \/>\n<meta name=\"twitter:label1\" content=\"Est. reading time\" \/>\n\t<meta name=\"twitter:data1\" content=\"7 minutes\" \/>\n<script type=\"application\/ld+json\" class=\"yoast-schema-graph\">{\"@context\":\"https:\\\/\\\/schema.org\",\"@graph\":[{\"@type\":\"WebPage\",\"@id\":\"https:\\\/\\\/etc-guarantee.com\\\/index.php\\\/fr\\\/irrevocable-reimbursement-undertaking-iru-2\\\/\",\"url\":\"https:\\\/\\\/etc-guarantee.com\\\/index.php\\\/fr\\\/irrevocable-reimbursement-undertaking-iru-2\\\/\",\"name\":\"Engagement de Remboursement Irr\u00e9vocable (IRU) - ETC Guarantee\",\"isPartOf\":{\"@id\":\"https:\\\/\\\/etc-guarantee.com\\\/#website\"},\"primaryImageOfPage\":{\"@id\":\"https:\\\/\\\/etc-guarantee.com\\\/index.php\\\/fr\\\/irrevocable-reimbursement-undertaking-iru-2\\\/#primaryimage\"},\"image\":{\"@id\":\"https:\\\/\\\/etc-guarantee.com\\\/index.php\\\/fr\\\/irrevocable-reimbursement-undertaking-iru-2\\\/#primaryimage\"},\"thumbnailUrl\":\"https:\\\/\\\/etc-guarantee.com\\\/wp-content\\\/uploads\\\/2024\\\/06\\\/IRU3.png\",\"datePublished\":\"2024-06-18T10:31:06+00:00\",\"dateModified\":\"2024-08-24T11:15:44+00:00\",\"description\":\"L\u2019Irrevocable Reimbursement Undertaking (IRU) propos\u00e9 par ETC est une Garantie de Paiement qui \u00e0 pour finalit\u00e9 d'assurer au b\u00e9n\u00e9ficiaire...\",\"breadcrumb\":{\"@id\":\"https:\\\/\\\/etc-guarantee.com\\\/index.php\\\/fr\\\/irrevocable-reimbursement-undertaking-iru-2\\\/#breadcrumb\"},\"inLanguage\":\"en-US\",\"potentialAction\":[{\"@type\":\"ReadAction\",\"target\":[\"https:\\\/\\\/etc-guarantee.com\\\/index.php\\\/fr\\\/irrevocable-reimbursement-undertaking-iru-2\\\/\"]}]},{\"@type\":\"ImageObject\",\"inLanguage\":\"en-US\",\"@id\":\"https:\\\/\\\/etc-guarantee.com\\\/index.php\\\/fr\\\/irrevocable-reimbursement-undertaking-iru-2\\\/#primaryimage\",\"url\":\"https:\\\/\\\/etc-guarantee.com\\\/wp-content\\\/uploads\\\/2024\\\/06\\\/IRU3.png\",\"contentUrl\":\"https:\\\/\\\/etc-guarantee.com\\\/wp-content\\\/uploads\\\/2024\\\/06\\\/IRU3.png\",\"width\":1280,\"height\":771},{\"@type\":\"BreadcrumbList\",\"@id\":\"https:\\\/\\\/etc-guarantee.com\\\/index.php\\\/fr\\\/irrevocable-reimbursement-undertaking-iru-2\\\/#breadcrumb\",\"itemListElement\":[{\"@type\":\"ListItem\",\"position\":1,\"name\":\"Home\",\"item\":\"https:\\\/\\\/etc-guarantee.com\\\/\"},{\"@type\":\"ListItem\",\"position\":2,\"name\":\"Engagement de Remboursement Irr\u00e9vocable (IRU)\"}]},{\"@type\":\"WebSite\",\"@id\":\"https:\\\/\\\/etc-guarantee.com\\\/#website\",\"url\":\"https:\\\/\\\/etc-guarantee.com\\\/\",\"name\":\"ETC Guarantee\",\"description\":\"Guarantee of market, investment and trade in Africa\",\"publisher\":{\"@id\":\"https:\\\/\\\/etc-guarantee.com\\\/#organization\"},\"potentialAction\":[{\"@type\":\"SearchAction\",\"target\":{\"@type\":\"EntryPoint\",\"urlTemplate\":\"https:\\\/\\\/etc-guarantee.com\\\/?s={search_term_string}\"},\"query-input\":{\"@type\":\"PropertyValueSpecification\",\"valueRequired\":true,\"valueName\":\"search_term_string\"}}],\"inLanguage\":\"en-US\"},{\"@type\":\"Organization\",\"@id\":\"https:\\\/\\\/etc-guarantee.com\\\/#organization\",\"name\":\"ETC - Export Trading & Cooperation\",\"url\":\"https:\\\/\\\/etc-guarantee.com\\\/\",\"logo\":{\"@type\":\"ImageObject\",\"inLanguage\":\"en-US\",\"@id\":\"https:\\\/\\\/etc-guarantee.com\\\/#\\\/schema\\\/logo\\\/image\\\/\",\"url\":\"https:\\\/\\\/etc-guarantee.com\\\/wp-content\\\/uploads\\\/2023\\\/05\\\/avatar-300x300-1.jpg\",\"contentUrl\":\"https:\\\/\\\/etc-guarantee.com\\\/wp-content\\\/uploads\\\/2023\\\/05\\\/avatar-300x300-1.jpg\",\"width\":300,\"height\":300,\"caption\":\"ETC - Export Trading & Cooperation\"},\"image\":{\"@id\":\"https:\\\/\\\/etc-guarantee.com\\\/#\\\/schema\\\/logo\\\/image\\\/\"},\"sameAs\":[\"https:\\\/\\\/it.linkedin.com\\\/company\\\/etcinvest\",\"https:\\\/\\\/www.youtube.com\\\/channel\\\/UCuauiXDlV8tSNQ5_9Q514hw\"]}]}<\/script>\n<!-- \/ Yoast SEO Premium plugin. -->","yoast_head_json":{"title":"Engagement de Remboursement Irr\u00e9vocable (IRU) - ETC Guarantee","description":"L\u2019Irrevocable Reimbursement Undertaking (IRU) propos\u00e9 par ETC est une Garantie de Paiement qui \u00e0 pour finalit\u00e9 d'assurer au b\u00e9n\u00e9ficiaire...","robots":{"index":"index","follow":"follow","max-snippet":"max-snippet:-1","max-image-preview":"max-image-preview:large","max-video-preview":"max-video-preview:-1"},"canonical":"https:\/\/etc-guarantee.com\/index.php\/fr\/irrevocable-reimbursement-undertaking-iru-2\/","og_locale":"en_US","og_type":"article","og_title":"Irrevocable Reimbursement Undertaking IRU","og_description":"L\u2019Irrevocable Reimbursement Undertaking (IRU) propos\u00e9 par ETC est une Garantie de Paiement qui \u00e0 pour finalit\u00e9 d'assurer au b\u00e9n\u00e9ficiaire, g\u00e9n\u00e9ralement un exportateur, qu'il recevra le paiement de la part de la banque \u00e9mettrice si toutes les conditions sp\u00e9cifi\u00e9es dans le cr\u00e9dit documentaire (lettre de cr\u00e9dit) sont remplies.","og_url":"https:\/\/etc-guarantee.com\/index.php\/fr\/irrevocable-reimbursement-undertaking-iru-2\/","og_site_name":"ETC Guarantee","article_modified_time":"2024-08-24T11:15:44+00:00","og_image":[{"width":1024,"height":683,"url":"https:\/\/etc-guarantee.com\/wp-content\/uploads\/2024\/06\/IRU-1-1024x683.png","type":"image\/png"}],"twitter_card":"summary_large_image","twitter_title":"Irrevocable Reimbursement Undertaking (IRU)","twitter_description":"L\u2019Irrevocable Reimbursement Undertaking (IRU) propos\u00e9 par ETC est une Garantie de Paiement qui \u00e0 pour finalit\u00e9 d'assurer au b\u00e9n\u00e9ficiaire, g\u00e9n\u00e9ralement un exportateur, qu'il recevra le paiement de la part de la banque \u00e9mettrice si toutes les conditions sp\u00e9cifi\u00e9es dans le cr\u00e9dit documentaire (lettre de cr\u00e9dit) sont remplies.","twitter_image":"https:\/\/etc-guarantee.com\/wp-content\/uploads\/2024\/06\/IRU-1.png","twitter_misc":{"Est. reading time":"7 minutes"},"schema":{"@context":"https:\/\/schema.org","@graph":[{"@type":"WebPage","@id":"https:\/\/etc-guarantee.com\/index.php\/fr\/irrevocable-reimbursement-undertaking-iru-2\/","url":"https:\/\/etc-guarantee.com\/index.php\/fr\/irrevocable-reimbursement-undertaking-iru-2\/","name":"Engagement de Remboursement Irr\u00e9vocable (IRU) - ETC Guarantee","isPartOf":{"@id":"https:\/\/etc-guarantee.com\/#website"},"primaryImageOfPage":{"@id":"https:\/\/etc-guarantee.com\/index.php\/fr\/irrevocable-reimbursement-undertaking-iru-2\/#primaryimage"},"image":{"@id":"https:\/\/etc-guarantee.com\/index.php\/fr\/irrevocable-reimbursement-undertaking-iru-2\/#primaryimage"},"thumbnailUrl":"https:\/\/etc-guarantee.com\/wp-content\/uploads\/2024\/06\/IRU3.png","datePublished":"2024-06-18T10:31:06+00:00","dateModified":"2024-08-24T11:15:44+00:00","description":"L\u2019Irrevocable Reimbursement Undertaking (IRU) propos\u00e9 par ETC est une Garantie de Paiement qui \u00e0 pour finalit\u00e9 d'assurer au b\u00e9n\u00e9ficiaire...","breadcrumb":{"@id":"https:\/\/etc-guarantee.com\/index.php\/fr\/irrevocable-reimbursement-undertaking-iru-2\/#breadcrumb"},"inLanguage":"en-US","potentialAction":[{"@type":"ReadAction","target":["https:\/\/etc-guarantee.com\/index.php\/fr\/irrevocable-reimbursement-undertaking-iru-2\/"]}]},{"@type":"ImageObject","inLanguage":"en-US","@id":"https:\/\/etc-guarantee.com\/index.php\/fr\/irrevocable-reimbursement-undertaking-iru-2\/#primaryimage","url":"https:\/\/etc-guarantee.com\/wp-content\/uploads\/2024\/06\/IRU3.png","contentUrl":"https:\/\/etc-guarantee.com\/wp-content\/uploads\/2024\/06\/IRU3.png","width":1280,"height":771},{"@type":"BreadcrumbList","@id":"https:\/\/etc-guarantee.com\/index.php\/fr\/irrevocable-reimbursement-undertaking-iru-2\/#breadcrumb","itemListElement":[{"@type":"ListItem","position":1,"name":"Home","item":"https:\/\/etc-guarantee.com\/"},{"@type":"ListItem","position":2,"name":"Engagement de Remboursement Irr\u00e9vocable (IRU)"}]},{"@type":"WebSite","@id":"https:\/\/etc-guarantee.com\/#website","url":"https:\/\/etc-guarantee.com\/","name":"ETC Guarantee","description":"Guarantee of market, investment and trade in Africa","publisher":{"@id":"https:\/\/etc-guarantee.com\/#organization"},"potentialAction":[{"@type":"SearchAction","target":{"@type":"EntryPoint","urlTemplate":"https:\/\/etc-guarantee.com\/?s={search_term_string}"},"query-input":{"@type":"PropertyValueSpecification","valueRequired":true,"valueName":"search_term_string"}}],"inLanguage":"en-US"},{"@type":"Organization","@id":"https:\/\/etc-guarantee.com\/#organization","name":"ETC - Export Trading & Cooperation","url":"https:\/\/etc-guarantee.com\/","logo":{"@type":"ImageObject","inLanguage":"en-US","@id":"https:\/\/etc-guarantee.com\/#\/schema\/logo\/image\/","url":"https:\/\/etc-guarantee.com\/wp-content\/uploads\/2023\/05\/avatar-300x300-1.jpg","contentUrl":"https:\/\/etc-guarantee.com\/wp-content\/uploads\/2023\/05\/avatar-300x300-1.jpg","width":300,"height":300,"caption":"ETC - Export Trading & Cooperation"},"image":{"@id":"https:\/\/etc-guarantee.com\/#\/schema\/logo\/image\/"},"sameAs":["https:\/\/it.linkedin.com\/company\/etcinvest","https:\/\/www.youtube.com\/channel\/UCuauiXDlV8tSNQ5_9Q514hw"]}]}},"_links":{"self":[{"href":"https:\/\/etc-guarantee.com\/index.php\/wp-json\/wp\/v2\/pages\/9676","targetHints":{"allow":["GET"]}}],"collection":[{"href":"https:\/\/etc-guarantee.com\/index.php\/wp-json\/wp\/v2\/pages"}],"about":[{"href":"https:\/\/etc-guarantee.com\/index.php\/wp-json\/wp\/v2\/types\/page"}],"author":[{"embeddable":true,"href":"https:\/\/etc-guarantee.com\/index.php\/wp-json\/wp\/v2\/users\/1"}],"replies":[{"embeddable":true,"href":"https:\/\/etc-guarantee.com\/index.php\/wp-json\/wp\/v2\/comments?post=9676"}],"version-history":[{"count":5,"href":"https:\/\/etc-guarantee.com\/index.php\/wp-json\/wp\/v2\/pages\/9676\/revisions"}],"predecessor-version":[{"id":10381,"href":"https:\/\/etc-guarantee.com\/index.php\/wp-json\/wp\/v2\/pages\/9676\/revisions\/10381"}],"wp:featuredmedia":[{"embeddable":true,"href":"https:\/\/etc-guarantee.com\/index.php\/wp-json\/wp\/v2\/media\/9779"}],"wp:attachment":[{"href":"https:\/\/etc-guarantee.com\/index.php\/wp-json\/wp\/v2\/media?parent=9676"}],"curies":[{"name":"wp","href":"https:\/\/api.w.org\/{rel}","templated":true}]}}