{"id":9519,"date":"2024-06-11T16:12:03","date_gmt":"2024-06-11T14:12:03","guid":{"rendered":"https:\/\/etc-guarantee.com\/index.php\/guide-to-financial-guarantee\/the-sblc-to-meet-regulatory-and-contractual-obligations-in-public-or-private-markets\/"},"modified":"2024-06-11T17:04:25","modified_gmt":"2024-06-11T15:04:25","slug":"sblc-obligations-reglementaires-contractuelles-marches","status":"publish","type":"page","link":"https:\/\/etc-guarantee.com\/index.php\/fr\/guide-de-la-garantie-financiere\/sblc-obligations-reglementaires-contractuelles-marches\/","title":{"rendered":"La SBLC pour respecter les obligations r\u00e9glementaires et contractuelles dans le cadre de march\u00e9s publics ou priv\u00e9s"},"content":{"rendered":"","protected":false},"excerpt":{"rendered":"","protected":false},"author":1,"featured_media":9514,"parent":6849,"menu_order":0,"comment_status":"closed","ping_status":"closed","template":"","meta":{"content-type":"","footnotes":""},"class_list":["post-9519","page","type-page","status-publish","has-post-thumbnail","hentry"],"yoast_head":"<!-- This site is optimized with the Yoast SEO Premium plugin v27.3 (Yoast SEO v27.3) - https:\/\/yoast.com\/product\/yoast-seo-premium-wordpress\/ -->\n<title>La SBLC pour respecter les obligations r\u00e9glementaires et contractuelles dans le cadre de march\u00e9s publics ou priv\u00e9s - ETC Guarantee<\/title>\n<meta name=\"description\" content=\"D\u00e9couvrez comment les SBLC r\u00e9pondent aux obligations r\u00e9glementaires et contractuelles dans les march\u00e9s publics et priv\u00e9s. Explorez les\" \/>\n<meta name=\"robots\" content=\"index, follow, max-snippet:-1, max-image-preview:large, max-video-preview:-1\" \/>\n<link rel=\"canonical\" href=\"https:\/\/etc-guarantee.com\/index.php\/fr\/guide-de-la-garantie-financiere\/sblc-obligations-reglementaires-contractuelles-marches\/\" \/>\n<meta property=\"og:locale\" content=\"en_US\" \/>\n<meta property=\"og:type\" content=\"article\" \/>\n<meta property=\"og:title\" content=\"La SBLC pour respecter les obligations r\u00e9glementaires et contractuelles dans le cadre de march\u00e9s publics ou priv\u00e9s\" \/>\n<meta property=\"og:description\" content=\"D\u00e9couvrez comment les SBLC r\u00e9pondent aux obligations r\u00e9glementaires et contractuelles dans les march\u00e9s publics et priv\u00e9s. Explorez les avantages, les limitations et les alternatives s\u00e9curis\u00e9es comme les cautions (STB) pour assurer la conformit\u00e9, prot\u00e9ger les parties prenantes et promouvoir une concurrence \u00e9quitable dans le contexte africain.\" \/>\n<meta property=\"og:url\" content=\"https:\/\/etc-guarantee.com\/index.php\/fr\/guide-de-la-garantie-financiere\/sblc-obligations-reglementaires-contractuelles-marches\/\" \/>\n<meta property=\"og:site_name\" content=\"ETC Guarantee\" \/>\n<meta property=\"article:modified_time\" content=\"2024-06-11T15:04:25+00:00\" \/>\n<meta property=\"og:image\" content=\"https:\/\/etc-guarantee.com\/wp-content\/uploads\/2024\/06\/LA-GARANTIE-DE-MARCHES-PROPOSEE-PAR-ETC-1024x683.png\" \/>\n\t<meta property=\"og:image:width\" content=\"1024\" \/>\n\t<meta property=\"og:image:height\" content=\"683\" \/>\n\t<meta property=\"og:image:type\" content=\"image\/png\" \/>\n<meta name=\"twitter:card\" content=\"summary_large_image\" \/>\n<meta name=\"twitter:title\" content=\"La SBLC pour respecter les obligations r\u00e9glementaires et contractuelles dans le cadre de march\u00e9s publics ou priv\u00e9s\" \/>\n<meta name=\"twitter:description\" content=\"D\u00e9couvrez comment les SBLC r\u00e9pondent aux obligations r\u00e9glementaires et contractuelles dans les march\u00e9s publics et priv\u00e9s. Explorez les avantages, les limitations et les alternatives s\u00e9curis\u00e9es comme les cautions (STB) pour assurer la conformit\u00e9, prot\u00e9ger les parties prenantes et promouvoir une concurrence \u00e9quitable dans le contexte africain.\" \/>\n<meta name=\"twitter:image\" content=\"https:\/\/etc-guarantee.com\/wp-content\/uploads\/2024\/06\/LA-GARANTIE-DE-MARCHES-PROPOSEE-PAR-ETC.png\" \/>\n<meta name=\"twitter:label1\" content=\"Est. reading time\" \/>\n\t<meta name=\"twitter:data1\" content=\"9 minutes\" \/>\n<script type=\"application\/ld+json\" class=\"yoast-schema-graph\">{\"@context\":\"https:\\\/\\\/schema.org\",\"@graph\":[{\"@type\":\"WebPage\",\"@id\":\"https:\\\/\\\/etc-guarantee.com\\\/index.php\\\/fr\\\/guide-de-la-garantie-financiere\\\/sblc-obligations-reglementaires-contractuelles-marches\\\/\",\"url\":\"https:\\\/\\\/etc-guarantee.com\\\/index.php\\\/fr\\\/guide-de-la-garantie-financiere\\\/sblc-obligations-reglementaires-contractuelles-marches\\\/\",\"name\":\"La SBLC pour respecter les obligations r\u00e9glementaires et contractuelles dans le cadre de march\u00e9s publics ou priv\u00e9s - ETC Guarantee\",\"isPartOf\":{\"@id\":\"https:\\\/\\\/etc-guarantee.com\\\/#website\"},\"primaryImageOfPage\":{\"@id\":\"https:\\\/\\\/etc-guarantee.com\\\/index.php\\\/fr\\\/guide-de-la-garantie-financiere\\\/sblc-obligations-reglementaires-contractuelles-marches\\\/#primaryimage\"},\"image\":{\"@id\":\"https:\\\/\\\/etc-guarantee.com\\\/index.php\\\/fr\\\/guide-de-la-garantie-financiere\\\/sblc-obligations-reglementaires-contractuelles-marches\\\/#primaryimage\"},\"thumbnailUrl\":\"https:\\\/\\\/etc-guarantee.com\\\/wp-content\\\/uploads\\\/2024\\\/06\\\/LA-GARANTIE-DE-MARCHES-PROPOSEE-PAR-ETC.png\",\"datePublished\":\"2024-06-11T14:12:03+00:00\",\"dateModified\":\"2024-06-11T15:04:25+00:00\",\"description\":\"D\u00e9couvrez comment les SBLC r\u00e9pondent aux obligations r\u00e9glementaires et contractuelles dans les march\u00e9s publics et priv\u00e9s. Explorez les\",\"breadcrumb\":{\"@id\":\"https:\\\/\\\/etc-guarantee.com\\\/index.php\\\/fr\\\/guide-de-la-garantie-financiere\\\/sblc-obligations-reglementaires-contractuelles-marches\\\/#breadcrumb\"},\"inLanguage\":\"en-US\",\"potentialAction\":[{\"@type\":\"ReadAction\",\"target\":[\"https:\\\/\\\/etc-guarantee.com\\\/index.php\\\/fr\\\/guide-de-la-garantie-financiere\\\/sblc-obligations-reglementaires-contractuelles-marches\\\/\"]}]},{\"@type\":\"ImageObject\",\"inLanguage\":\"en-US\",\"@id\":\"https:\\\/\\\/etc-guarantee.com\\\/index.php\\\/fr\\\/guide-de-la-garantie-financiere\\\/sblc-obligations-reglementaires-contractuelles-marches\\\/#primaryimage\",\"url\":\"https:\\\/\\\/etc-guarantee.com\\\/wp-content\\\/uploads\\\/2024\\\/06\\\/LA-GARANTIE-DE-MARCHES-PROPOSEE-PAR-ETC.png\",\"contentUrl\":\"https:\\\/\\\/etc-guarantee.com\\\/wp-content\\\/uploads\\\/2024\\\/06\\\/LA-GARANTIE-DE-MARCHES-PROPOSEE-PAR-ETC.png\",\"width\":2121,\"height\":1414},{\"@type\":\"BreadcrumbList\",\"@id\":\"https:\\\/\\\/etc-guarantee.com\\\/index.php\\\/fr\\\/guide-de-la-garantie-financiere\\\/sblc-obligations-reglementaires-contractuelles-marches\\\/#breadcrumb\",\"itemListElement\":[{\"@type\":\"ListItem\",\"position\":1,\"name\":\"Home\",\"item\":\"https:\\\/\\\/etc-guarantee.com\\\/\"},{\"@type\":\"ListItem\",\"position\":2,\"name\":\"Guide de la garantie financi\u00e8re\",\"item\":\"https:\\\/\\\/etc-guarantee.com\\\/index.php\\\/fr\\\/guide-de-la-garantie-financiere\\\/\"},{\"@type\":\"ListItem\",\"position\":3,\"name\":\"La SBLC pour respecter les obligations r\u00e9glementaires et contractuelles dans le cadre de march\u00e9s publics ou priv\u00e9s\"}]},{\"@type\":\"WebSite\",\"@id\":\"https:\\\/\\\/etc-guarantee.com\\\/#website\",\"url\":\"https:\\\/\\\/etc-guarantee.com\\\/\",\"name\":\"ETC Guarantee\",\"description\":\"Guarantee of market, investment and trade in Africa\",\"publisher\":{\"@id\":\"https:\\\/\\\/etc-guarantee.com\\\/#organization\"},\"potentialAction\":[{\"@type\":\"SearchAction\",\"target\":{\"@type\":\"EntryPoint\",\"urlTemplate\":\"https:\\\/\\\/etc-guarantee.com\\\/?s={search_term_string}\"},\"query-input\":{\"@type\":\"PropertyValueSpecification\",\"valueRequired\":true,\"valueName\":\"search_term_string\"}}],\"inLanguage\":\"en-US\"},{\"@type\":\"Organization\",\"@id\":\"https:\\\/\\\/etc-guarantee.com\\\/#organization\",\"name\":\"ETC - Export Trading & Cooperation\",\"url\":\"https:\\\/\\\/etc-guarantee.com\\\/\",\"logo\":{\"@type\":\"ImageObject\",\"inLanguage\":\"en-US\",\"@id\":\"https:\\\/\\\/etc-guarantee.com\\\/#\\\/schema\\\/logo\\\/image\\\/\",\"url\":\"https:\\\/\\\/etc-guarantee.com\\\/wp-content\\\/uploads\\\/2023\\\/05\\\/avatar-300x300-1.jpg\",\"contentUrl\":\"https:\\\/\\\/etc-guarantee.com\\\/wp-content\\\/uploads\\\/2023\\\/05\\\/avatar-300x300-1.jpg\",\"width\":300,\"height\":300,\"caption\":\"ETC - Export Trading & Cooperation\"},\"image\":{\"@id\":\"https:\\\/\\\/etc-guarantee.com\\\/#\\\/schema\\\/logo\\\/image\\\/\"},\"sameAs\":[\"https:\\\/\\\/it.linkedin.com\\\/company\\\/etcinvest\",\"https:\\\/\\\/www.youtube.com\\\/channel\\\/UCuauiXDlV8tSNQ5_9Q514hw\"]}]}<\/script>\n<!-- \/ Yoast SEO Premium plugin. -->","yoast_head_json":{"title":"La SBLC pour respecter les obligations r\u00e9glementaires et contractuelles dans le cadre de march\u00e9s publics ou priv\u00e9s - ETC Guarantee","description":"D\u00e9couvrez comment les SBLC r\u00e9pondent aux obligations r\u00e9glementaires et contractuelles dans les march\u00e9s publics et priv\u00e9s. Explorez les","robots":{"index":"index","follow":"follow","max-snippet":"max-snippet:-1","max-image-preview":"max-image-preview:large","max-video-preview":"max-video-preview:-1"},"canonical":"https:\/\/etc-guarantee.com\/index.php\/fr\/guide-de-la-garantie-financiere\/sblc-obligations-reglementaires-contractuelles-marches\/","og_locale":"en_US","og_type":"article","og_title":"La SBLC pour respecter les obligations r\u00e9glementaires et contractuelles dans le cadre de march\u00e9s publics ou priv\u00e9s","og_description":"D\u00e9couvrez comment les SBLC r\u00e9pondent aux obligations r\u00e9glementaires et contractuelles dans les march\u00e9s publics et priv\u00e9s. Explorez les avantages, les limitations et les alternatives s\u00e9curis\u00e9es comme les cautions (STB) pour assurer la conformit\u00e9, prot\u00e9ger les parties prenantes et promouvoir une concurrence \u00e9quitable dans le contexte africain.","og_url":"https:\/\/etc-guarantee.com\/index.php\/fr\/guide-de-la-garantie-financiere\/sblc-obligations-reglementaires-contractuelles-marches\/","og_site_name":"ETC Guarantee","article_modified_time":"2024-06-11T15:04:25+00:00","og_image":[{"width":1024,"height":683,"url":"https:\/\/etc-guarantee.com\/wp-content\/uploads\/2024\/06\/LA-GARANTIE-DE-MARCHES-PROPOSEE-PAR-ETC-1024x683.png","type":"image\/png"}],"twitter_card":"summary_large_image","twitter_title":"La SBLC pour respecter les obligations r\u00e9glementaires et contractuelles dans le cadre de march\u00e9s publics ou priv\u00e9s","twitter_description":"D\u00e9couvrez comment les SBLC r\u00e9pondent aux obligations r\u00e9glementaires et contractuelles dans les march\u00e9s publics et priv\u00e9s. Explorez les avantages, les limitations et les alternatives s\u00e9curis\u00e9es comme les cautions (STB) pour assurer la conformit\u00e9, prot\u00e9ger les parties prenantes et promouvoir une concurrence \u00e9quitable dans le contexte africain.","twitter_image":"https:\/\/etc-guarantee.com\/wp-content\/uploads\/2024\/06\/LA-GARANTIE-DE-MARCHES-PROPOSEE-PAR-ETC.png","twitter_misc":{"Est. reading time":"9 minutes"},"schema":{"@context":"https:\/\/schema.org","@graph":[{"@type":"WebPage","@id":"https:\/\/etc-guarantee.com\/index.php\/fr\/guide-de-la-garantie-financiere\/sblc-obligations-reglementaires-contractuelles-marches\/","url":"https:\/\/etc-guarantee.com\/index.php\/fr\/guide-de-la-garantie-financiere\/sblc-obligations-reglementaires-contractuelles-marches\/","name":"La SBLC pour respecter les obligations r\u00e9glementaires et contractuelles dans le cadre de march\u00e9s publics ou priv\u00e9s - ETC Guarantee","isPartOf":{"@id":"https:\/\/etc-guarantee.com\/#website"},"primaryImageOfPage":{"@id":"https:\/\/etc-guarantee.com\/index.php\/fr\/guide-de-la-garantie-financiere\/sblc-obligations-reglementaires-contractuelles-marches\/#primaryimage"},"image":{"@id":"https:\/\/etc-guarantee.com\/index.php\/fr\/guide-de-la-garantie-financiere\/sblc-obligations-reglementaires-contractuelles-marches\/#primaryimage"},"thumbnailUrl":"https:\/\/etc-guarantee.com\/wp-content\/uploads\/2024\/06\/LA-GARANTIE-DE-MARCHES-PROPOSEE-PAR-ETC.png","datePublished":"2024-06-11T14:12:03+00:00","dateModified":"2024-06-11T15:04:25+00:00","description":"D\u00e9couvrez comment les SBLC r\u00e9pondent aux obligations r\u00e9glementaires et contractuelles dans les march\u00e9s publics et priv\u00e9s. Explorez les","breadcrumb":{"@id":"https:\/\/etc-guarantee.com\/index.php\/fr\/guide-de-la-garantie-financiere\/sblc-obligations-reglementaires-contractuelles-marches\/#breadcrumb"},"inLanguage":"en-US","potentialAction":[{"@type":"ReadAction","target":["https:\/\/etc-guarantee.com\/index.php\/fr\/guide-de-la-garantie-financiere\/sblc-obligations-reglementaires-contractuelles-marches\/"]}]},{"@type":"ImageObject","inLanguage":"en-US","@id":"https:\/\/etc-guarantee.com\/index.php\/fr\/guide-de-la-garantie-financiere\/sblc-obligations-reglementaires-contractuelles-marches\/#primaryimage","url":"https:\/\/etc-guarantee.com\/wp-content\/uploads\/2024\/06\/LA-GARANTIE-DE-MARCHES-PROPOSEE-PAR-ETC.png","contentUrl":"https:\/\/etc-guarantee.com\/wp-content\/uploads\/2024\/06\/LA-GARANTIE-DE-MARCHES-PROPOSEE-PAR-ETC.png","width":2121,"height":1414},{"@type":"BreadcrumbList","@id":"https:\/\/etc-guarantee.com\/index.php\/fr\/guide-de-la-garantie-financiere\/sblc-obligations-reglementaires-contractuelles-marches\/#breadcrumb","itemListElement":[{"@type":"ListItem","position":1,"name":"Home","item":"https:\/\/etc-guarantee.com\/"},{"@type":"ListItem","position":2,"name":"Guide de la garantie financi\u00e8re","item":"https:\/\/etc-guarantee.com\/index.php\/fr\/guide-de-la-garantie-financiere\/"},{"@type":"ListItem","position":3,"name":"La SBLC pour respecter les obligations r\u00e9glementaires et contractuelles dans le cadre de march\u00e9s publics ou priv\u00e9s"}]},{"@type":"WebSite","@id":"https:\/\/etc-guarantee.com\/#website","url":"https:\/\/etc-guarantee.com\/","name":"ETC Guarantee","description":"Guarantee of market, investment and trade in Africa","publisher":{"@id":"https:\/\/etc-guarantee.com\/#organization"},"potentialAction":[{"@type":"SearchAction","target":{"@type":"EntryPoint","urlTemplate":"https:\/\/etc-guarantee.com\/?s={search_term_string}"},"query-input":{"@type":"PropertyValueSpecification","valueRequired":true,"valueName":"search_term_string"}}],"inLanguage":"en-US"},{"@type":"Organization","@id":"https:\/\/etc-guarantee.com\/#organization","name":"ETC - Export Trading & Cooperation","url":"https:\/\/etc-guarantee.com\/","logo":{"@type":"ImageObject","inLanguage":"en-US","@id":"https:\/\/etc-guarantee.com\/#\/schema\/logo\/image\/","url":"https:\/\/etc-guarantee.com\/wp-content\/uploads\/2023\/05\/avatar-300x300-1.jpg","contentUrl":"https:\/\/etc-guarantee.com\/wp-content\/uploads\/2023\/05\/avatar-300x300-1.jpg","width":300,"height":300,"caption":"ETC - Export Trading & Cooperation"},"image":{"@id":"https:\/\/etc-guarantee.com\/#\/schema\/logo\/image\/"},"sameAs":["https:\/\/it.linkedin.com\/company\/etcinvest","https:\/\/www.youtube.com\/channel\/UCuauiXDlV8tSNQ5_9Q514hw"]}]}},"_links":{"self":[{"href":"https:\/\/etc-guarantee.com\/index.php\/wp-json\/wp\/v2\/pages\/9519","targetHints":{"allow":["GET"]}}],"collection":[{"href":"https:\/\/etc-guarantee.com\/index.php\/wp-json\/wp\/v2\/pages"}],"about":[{"href":"https:\/\/etc-guarantee.com\/index.php\/wp-json\/wp\/v2\/types\/page"}],"author":[{"embeddable":true,"href":"https:\/\/etc-guarantee.com\/index.php\/wp-json\/wp\/v2\/users\/1"}],"replies":[{"embeddable":true,"href":"https:\/\/etc-guarantee.com\/index.php\/wp-json\/wp\/v2\/comments?post=9519"}],"version-history":[{"count":5,"href":"https:\/\/etc-guarantee.com\/index.php\/wp-json\/wp\/v2\/pages\/9519\/revisions"}],"predecessor-version":[{"id":9544,"href":"https:\/\/etc-guarantee.com\/index.php\/wp-json\/wp\/v2\/pages\/9519\/revisions\/9544"}],"up":[{"embeddable":true,"href":"https:\/\/etc-guarantee.com\/index.php\/wp-json\/wp\/v2\/pages\/6849"}],"wp:featuredmedia":[{"embeddable":true,"href":"https:\/\/etc-guarantee.com\/index.php\/wp-json\/wp\/v2\/media\/9514"}],"wp:attachment":[{"href":"https:\/\/etc-guarantee.com\/index.php\/wp-json\/wp\/v2\/media?parent=9519"}],"curies":[{"name":"wp","href":"https:\/\/api.w.org\/{rel}","templated":true}]}}