{"id":9224,"date":"2024-02-02T14:05:35","date_gmt":"2024-02-02T13:05:35","guid":{"rendered":"https:\/\/etc-guarantee.com\/index.php\/guide-de-la-garantie-financiere\/mrpa-lallier-des-banques-africaines-pour-la-confirmation-de-lettres-de-credit\/"},"modified":"2024-02-02T14:18:42","modified_gmt":"2024-02-02T13:18:42","slug":"role-des-oeec-dans-les-systemes-bancaires-en-afrique","status":"publish","type":"page","link":"https:\/\/etc-guarantee.com\/index.php\/fr\/guide-de-la-garantie-financiere\/role-des-oeec-dans-les-systemes-bancaires-en-afrique\/","title":{"rendered":"R\u00f4le des OEEC dans les syst\u00e8mes bancaires en Afrique"},"content":{"rendered":"","protected":false},"excerpt":{"rendered":"","protected":false},"author":1,"featured_media":9220,"parent":6849,"menu_order":0,"comment_status":"closed","ping_status":"closed","template":"","meta":{"content-type":"","footnotes":""},"class_list":["post-9224","page","type-page","status-publish","has-post-thumbnail","hentry"],"yoast_head":"<!-- This site is optimized with the Yoast SEO Premium plugin v27.3 (Yoast SEO v27.3) - https:\/\/yoast.com\/product\/yoast-seo-premium-wordpress\/ -->\n<title>R\u00f4le des OEEC dans les syst\u00e8mes bancaires en Afrique - ETC Guarantee<\/title>\n<meta name=\"description\" content=\"L&#039;int\u00e9grit\u00e9 financi\u00e8re et la solvabilit\u00e9 d&#039;une institution sont des aspects cruciaux pour les investisseurs et les partenaires financiers.\" \/>\n<meta name=\"robots\" content=\"index, follow, max-snippet:-1, max-image-preview:large, max-video-preview:-1\" \/>\n<link rel=\"canonical\" href=\"https:\/\/etc-guarantee.com\/index.php\/fr\/guide-de-la-garantie-financiere\/role-des-oeec-dans-les-systemes-bancaires-en-afrique\/\" \/>\n<meta property=\"og:locale\" content=\"en_US\" \/>\n<meta property=\"og:type\" content=\"article\" \/>\n<meta property=\"og:title\" content=\"R\u00f4le des OEEC dans les syst\u00e8mes bancaires en Afrique\" \/>\n<meta property=\"og:description\" content=\"L&#039;int\u00e9grit\u00e9 financi\u00e8re et la solvabilit\u00e9 d&#039;une institution sont des aspects cruciaux pour les investisseurs et les partenaires financiers. Ainsi les Organismes Externes d&#039;\u00c9valuation du Cr\u00e9dit (OEEC) jouent un r\u00f4le essentiel en fournissant des notes objectives et ind\u00e9pendantes \u00e0 utiliser dans les march\u00e9s bancaires aux fins r\u00e9glementaires et qui guident les acteurs du march\u00e9\" \/>\n<meta property=\"og:url\" content=\"https:\/\/etc-guarantee.com\/index.php\/fr\/guide-de-la-garantie-financiere\/role-des-oeec-dans-les-systemes-bancaires-en-afrique\/\" \/>\n<meta property=\"og:site_name\" content=\"ETC Guarantee\" \/>\n<meta property=\"article:modified_time\" content=\"2024-02-02T13:18:42+00:00\" \/>\n<meta property=\"og:image\" content=\"https:\/\/etc-guarantee.com\/wp-content\/uploads\/2024\/02\/Role-des-OEEC-dans-les-systemes-bancaires-en-Afrique-1024x683.png\" \/>\n\t<meta property=\"og:image:width\" content=\"1024\" \/>\n\t<meta property=\"og:image:height\" content=\"683\" \/>\n\t<meta property=\"og:image:type\" content=\"image\/png\" \/>\n<meta name=\"twitter:card\" content=\"summary_large_image\" \/>\n<meta name=\"twitter:title\" content=\"R\u00f4le des OEEC dans les syst\u00e8mes bancaires en Afrique\" \/>\n<meta name=\"twitter:description\" content=\"L&#039;int\u00e9grit\u00e9 financi\u00e8re et la solvabilit\u00e9 d&#039;une institution sont des aspects cruciaux pour les investisseurs et les partenaires financiers. Ainsi les Organismes Externes d&#039;\u00c9valuation du Cr\u00e9dit (OEEC) jouent un r\u00f4le essentiel en fournissant des notes objectives et ind\u00e9pendantes \u00e0 utiliser dans les march\u00e9s bancaires aux fins r\u00e9glementaires et qui guident les acteurs du march\u00e9\" \/>\n<meta name=\"twitter:image\" content=\"https:\/\/etc-guarantee.com\/wp-content\/uploads\/2024\/02\/Role-des-OEEC-dans-les-systemes-bancaires-en-Afrique.png\" \/>\n<meta name=\"twitter:label1\" content=\"Est. reading time\" \/>\n\t<meta name=\"twitter:data1\" content=\"6 minutes\" \/>\n<script type=\"application\/ld+json\" class=\"yoast-schema-graph\">{\"@context\":\"https:\\\/\\\/schema.org\",\"@graph\":[{\"@type\":\"WebPage\",\"@id\":\"https:\\\/\\\/etc-guarantee.com\\\/index.php\\\/fr\\\/guide-de-la-garantie-financiere\\\/role-des-oeec-dans-les-systemes-bancaires-en-afrique\\\/\",\"url\":\"https:\\\/\\\/etc-guarantee.com\\\/index.php\\\/fr\\\/guide-de-la-garantie-financiere\\\/role-des-oeec-dans-les-systemes-bancaires-en-afrique\\\/\",\"name\":\"R\u00f4le des OEEC dans les syst\u00e8mes bancaires en Afrique - ETC Guarantee\",\"isPartOf\":{\"@id\":\"https:\\\/\\\/etc-guarantee.com\\\/#website\"},\"primaryImageOfPage\":{\"@id\":\"https:\\\/\\\/etc-guarantee.com\\\/index.php\\\/fr\\\/guide-de-la-garantie-financiere\\\/role-des-oeec-dans-les-systemes-bancaires-en-afrique\\\/#primaryimage\"},\"image\":{\"@id\":\"https:\\\/\\\/etc-guarantee.com\\\/index.php\\\/fr\\\/guide-de-la-garantie-financiere\\\/role-des-oeec-dans-les-systemes-bancaires-en-afrique\\\/#primaryimage\"},\"thumbnailUrl\":\"https:\\\/\\\/etc-guarantee.com\\\/wp-content\\\/uploads\\\/2024\\\/02\\\/Role-des-OEEC-dans-les-systemes-bancaires-en-Afrique.png\",\"datePublished\":\"2024-02-02T13:05:35+00:00\",\"dateModified\":\"2024-02-02T13:18:42+00:00\",\"description\":\"L'int\u00e9grit\u00e9 financi\u00e8re et la solvabilit\u00e9 d'une institution sont des aspects cruciaux pour les investisseurs et les partenaires financiers.\",\"breadcrumb\":{\"@id\":\"https:\\\/\\\/etc-guarantee.com\\\/index.php\\\/fr\\\/guide-de-la-garantie-financiere\\\/role-des-oeec-dans-les-systemes-bancaires-en-afrique\\\/#breadcrumb\"},\"inLanguage\":\"en-US\",\"potentialAction\":[{\"@type\":\"ReadAction\",\"target\":[\"https:\\\/\\\/etc-guarantee.com\\\/index.php\\\/fr\\\/guide-de-la-garantie-financiere\\\/role-des-oeec-dans-les-systemes-bancaires-en-afrique\\\/\"]}]},{\"@type\":\"ImageObject\",\"inLanguage\":\"en-US\",\"@id\":\"https:\\\/\\\/etc-guarantee.com\\\/index.php\\\/fr\\\/guide-de-la-garantie-financiere\\\/role-des-oeec-dans-les-systemes-bancaires-en-afrique\\\/#primaryimage\",\"url\":\"https:\\\/\\\/etc-guarantee.com\\\/wp-content\\\/uploads\\\/2024\\\/02\\\/Role-des-OEEC-dans-les-systemes-bancaires-en-Afrique.png\",\"contentUrl\":\"https:\\\/\\\/etc-guarantee.com\\\/wp-content\\\/uploads\\\/2024\\\/02\\\/Role-des-OEEC-dans-les-systemes-bancaires-en-Afrique.png\",\"width\":2121,\"height\":1414},{\"@type\":\"BreadcrumbList\",\"@id\":\"https:\\\/\\\/etc-guarantee.com\\\/index.php\\\/fr\\\/guide-de-la-garantie-financiere\\\/role-des-oeec-dans-les-systemes-bancaires-en-afrique\\\/#breadcrumb\",\"itemListElement\":[{\"@type\":\"ListItem\",\"position\":1,\"name\":\"Home\",\"item\":\"https:\\\/\\\/etc-guarantee.com\\\/\"},{\"@type\":\"ListItem\",\"position\":2,\"name\":\"Guide de la garantie financi\u00e8re\",\"item\":\"https:\\\/\\\/etc-guarantee.com\\\/index.php\\\/fr\\\/guide-de-la-garantie-financiere\\\/\"},{\"@type\":\"ListItem\",\"position\":3,\"name\":\"R\u00f4le des OEEC dans les syst\u00e8mes bancaires en Afrique\"}]},{\"@type\":\"WebSite\",\"@id\":\"https:\\\/\\\/etc-guarantee.com\\\/#website\",\"url\":\"https:\\\/\\\/etc-guarantee.com\\\/\",\"name\":\"ETC Guarantee\",\"description\":\"Guarantee of market, investment and trade in Africa\",\"publisher\":{\"@id\":\"https:\\\/\\\/etc-guarantee.com\\\/#organization\"},\"potentialAction\":[{\"@type\":\"SearchAction\",\"target\":{\"@type\":\"EntryPoint\",\"urlTemplate\":\"https:\\\/\\\/etc-guarantee.com\\\/?s={search_term_string}\"},\"query-input\":{\"@type\":\"PropertyValueSpecification\",\"valueRequired\":true,\"valueName\":\"search_term_string\"}}],\"inLanguage\":\"en-US\"},{\"@type\":\"Organization\",\"@id\":\"https:\\\/\\\/etc-guarantee.com\\\/#organization\",\"name\":\"ETC - Export Trading & Cooperation\",\"url\":\"https:\\\/\\\/etc-guarantee.com\\\/\",\"logo\":{\"@type\":\"ImageObject\",\"inLanguage\":\"en-US\",\"@id\":\"https:\\\/\\\/etc-guarantee.com\\\/#\\\/schema\\\/logo\\\/image\\\/\",\"url\":\"https:\\\/\\\/etc-guarantee.com\\\/wp-content\\\/uploads\\\/2023\\\/05\\\/avatar-300x300-1.jpg\",\"contentUrl\":\"https:\\\/\\\/etc-guarantee.com\\\/wp-content\\\/uploads\\\/2023\\\/05\\\/avatar-300x300-1.jpg\",\"width\":300,\"height\":300,\"caption\":\"ETC - Export Trading & Cooperation\"},\"image\":{\"@id\":\"https:\\\/\\\/etc-guarantee.com\\\/#\\\/schema\\\/logo\\\/image\\\/\"},\"sameAs\":[\"https:\\\/\\\/it.linkedin.com\\\/company\\\/etcinvest\",\"https:\\\/\\\/www.youtube.com\\\/channel\\\/UCuauiXDlV8tSNQ5_9Q514hw\"]}]}<\/script>\n<!-- \/ Yoast SEO Premium plugin. -->","yoast_head_json":{"title":"R\u00f4le des OEEC dans les syst\u00e8mes bancaires en Afrique - ETC Guarantee","description":"L'int\u00e9grit\u00e9 financi\u00e8re et la solvabilit\u00e9 d'une institution sont des aspects cruciaux pour les investisseurs et les partenaires financiers.","robots":{"index":"index","follow":"follow","max-snippet":"max-snippet:-1","max-image-preview":"max-image-preview:large","max-video-preview":"max-video-preview:-1"},"canonical":"https:\/\/etc-guarantee.com\/index.php\/fr\/guide-de-la-garantie-financiere\/role-des-oeec-dans-les-systemes-bancaires-en-afrique\/","og_locale":"en_US","og_type":"article","og_title":"R\u00f4le des OEEC dans les syst\u00e8mes bancaires en Afrique","og_description":"L'int\u00e9grit\u00e9 financi\u00e8re et la solvabilit\u00e9 d'une institution sont des aspects cruciaux pour les investisseurs et les partenaires financiers. Ainsi les Organismes Externes d'\u00c9valuation du Cr\u00e9dit (OEEC) jouent un r\u00f4le essentiel en fournissant des notes objectives et ind\u00e9pendantes \u00e0 utiliser dans les march\u00e9s bancaires aux fins r\u00e9glementaires et qui guident les acteurs du march\u00e9","og_url":"https:\/\/etc-guarantee.com\/index.php\/fr\/guide-de-la-garantie-financiere\/role-des-oeec-dans-les-systemes-bancaires-en-afrique\/","og_site_name":"ETC Guarantee","article_modified_time":"2024-02-02T13:18:42+00:00","og_image":[{"width":1024,"height":683,"url":"https:\/\/etc-guarantee.com\/wp-content\/uploads\/2024\/02\/Role-des-OEEC-dans-les-systemes-bancaires-en-Afrique-1024x683.png","type":"image\/png"}],"twitter_card":"summary_large_image","twitter_title":"R\u00f4le des OEEC dans les syst\u00e8mes bancaires en Afrique","twitter_description":"L'int\u00e9grit\u00e9 financi\u00e8re et la solvabilit\u00e9 d'une institution sont des aspects cruciaux pour les investisseurs et les partenaires financiers. Ainsi les Organismes Externes d'\u00c9valuation du Cr\u00e9dit (OEEC) jouent un r\u00f4le essentiel en fournissant des notes objectives et ind\u00e9pendantes \u00e0 utiliser dans les march\u00e9s bancaires aux fins r\u00e9glementaires et qui guident les acteurs du march\u00e9","twitter_image":"https:\/\/etc-guarantee.com\/wp-content\/uploads\/2024\/02\/Role-des-OEEC-dans-les-systemes-bancaires-en-Afrique.png","twitter_misc":{"Est. reading time":"6 minutes"},"schema":{"@context":"https:\/\/schema.org","@graph":[{"@type":"WebPage","@id":"https:\/\/etc-guarantee.com\/index.php\/fr\/guide-de-la-garantie-financiere\/role-des-oeec-dans-les-systemes-bancaires-en-afrique\/","url":"https:\/\/etc-guarantee.com\/index.php\/fr\/guide-de-la-garantie-financiere\/role-des-oeec-dans-les-systemes-bancaires-en-afrique\/","name":"R\u00f4le des OEEC dans les syst\u00e8mes bancaires en Afrique - ETC Guarantee","isPartOf":{"@id":"https:\/\/etc-guarantee.com\/#website"},"primaryImageOfPage":{"@id":"https:\/\/etc-guarantee.com\/index.php\/fr\/guide-de-la-garantie-financiere\/role-des-oeec-dans-les-systemes-bancaires-en-afrique\/#primaryimage"},"image":{"@id":"https:\/\/etc-guarantee.com\/index.php\/fr\/guide-de-la-garantie-financiere\/role-des-oeec-dans-les-systemes-bancaires-en-afrique\/#primaryimage"},"thumbnailUrl":"https:\/\/etc-guarantee.com\/wp-content\/uploads\/2024\/02\/Role-des-OEEC-dans-les-systemes-bancaires-en-Afrique.png","datePublished":"2024-02-02T13:05:35+00:00","dateModified":"2024-02-02T13:18:42+00:00","description":"L'int\u00e9grit\u00e9 financi\u00e8re et la solvabilit\u00e9 d'une institution sont des aspects cruciaux pour les investisseurs et les partenaires financiers.","breadcrumb":{"@id":"https:\/\/etc-guarantee.com\/index.php\/fr\/guide-de-la-garantie-financiere\/role-des-oeec-dans-les-systemes-bancaires-en-afrique\/#breadcrumb"},"inLanguage":"en-US","potentialAction":[{"@type":"ReadAction","target":["https:\/\/etc-guarantee.com\/index.php\/fr\/guide-de-la-garantie-financiere\/role-des-oeec-dans-les-systemes-bancaires-en-afrique\/"]}]},{"@type":"ImageObject","inLanguage":"en-US","@id":"https:\/\/etc-guarantee.com\/index.php\/fr\/guide-de-la-garantie-financiere\/role-des-oeec-dans-les-systemes-bancaires-en-afrique\/#primaryimage","url":"https:\/\/etc-guarantee.com\/wp-content\/uploads\/2024\/02\/Role-des-OEEC-dans-les-systemes-bancaires-en-Afrique.png","contentUrl":"https:\/\/etc-guarantee.com\/wp-content\/uploads\/2024\/02\/Role-des-OEEC-dans-les-systemes-bancaires-en-Afrique.png","width":2121,"height":1414},{"@type":"BreadcrumbList","@id":"https:\/\/etc-guarantee.com\/index.php\/fr\/guide-de-la-garantie-financiere\/role-des-oeec-dans-les-systemes-bancaires-en-afrique\/#breadcrumb","itemListElement":[{"@type":"ListItem","position":1,"name":"Home","item":"https:\/\/etc-guarantee.com\/"},{"@type":"ListItem","position":2,"name":"Guide de la garantie financi\u00e8re","item":"https:\/\/etc-guarantee.com\/index.php\/fr\/guide-de-la-garantie-financiere\/"},{"@type":"ListItem","position":3,"name":"R\u00f4le des OEEC dans les syst\u00e8mes bancaires en Afrique"}]},{"@type":"WebSite","@id":"https:\/\/etc-guarantee.com\/#website","url":"https:\/\/etc-guarantee.com\/","name":"ETC Guarantee","description":"Guarantee of market, investment and trade in Africa","publisher":{"@id":"https:\/\/etc-guarantee.com\/#organization"},"potentialAction":[{"@type":"SearchAction","target":{"@type":"EntryPoint","urlTemplate":"https:\/\/etc-guarantee.com\/?s={search_term_string}"},"query-input":{"@type":"PropertyValueSpecification","valueRequired":true,"valueName":"search_term_string"}}],"inLanguage":"en-US"},{"@type":"Organization","@id":"https:\/\/etc-guarantee.com\/#organization","name":"ETC - Export Trading & Cooperation","url":"https:\/\/etc-guarantee.com\/","logo":{"@type":"ImageObject","inLanguage":"en-US","@id":"https:\/\/etc-guarantee.com\/#\/schema\/logo\/image\/","url":"https:\/\/etc-guarantee.com\/wp-content\/uploads\/2023\/05\/avatar-300x300-1.jpg","contentUrl":"https:\/\/etc-guarantee.com\/wp-content\/uploads\/2023\/05\/avatar-300x300-1.jpg","width":300,"height":300,"caption":"ETC - Export Trading & Cooperation"},"image":{"@id":"https:\/\/etc-guarantee.com\/#\/schema\/logo\/image\/"},"sameAs":["https:\/\/it.linkedin.com\/company\/etcinvest","https:\/\/www.youtube.com\/channel\/UCuauiXDlV8tSNQ5_9Q514hw"]}]}},"_links":{"self":[{"href":"https:\/\/etc-guarantee.com\/index.php\/wp-json\/wp\/v2\/pages\/9224","targetHints":{"allow":["GET"]}}],"collection":[{"href":"https:\/\/etc-guarantee.com\/index.php\/wp-json\/wp\/v2\/pages"}],"about":[{"href":"https:\/\/etc-guarantee.com\/index.php\/wp-json\/wp\/v2\/types\/page"}],"author":[{"embeddable":true,"href":"https:\/\/etc-guarantee.com\/index.php\/wp-json\/wp\/v2\/users\/1"}],"replies":[{"embeddable":true,"href":"https:\/\/etc-guarantee.com\/index.php\/wp-json\/wp\/v2\/comments?post=9224"}],"version-history":[{"count":4,"href":"https:\/\/etc-guarantee.com\/index.php\/wp-json\/wp\/v2\/pages\/9224\/revisions"}],"predecessor-version":[{"id":9230,"href":"https:\/\/etc-guarantee.com\/index.php\/wp-json\/wp\/v2\/pages\/9224\/revisions\/9230"}],"up":[{"embeddable":true,"href":"https:\/\/etc-guarantee.com\/index.php\/wp-json\/wp\/v2\/pages\/6849"}],"wp:featuredmedia":[{"embeddable":true,"href":"https:\/\/etc-guarantee.com\/index.php\/wp-json\/wp\/v2\/media\/9220"}],"wp:attachment":[{"href":"https:\/\/etc-guarantee.com\/index.php\/wp-json\/wp\/v2\/media?parent=9224"}],"curies":[{"name":"wp","href":"https:\/\/api.w.org\/{rel}","templated":true}]}}