{"id":6893,"date":"2023-07-03T15:56:42","date_gmt":"2023-07-03T13:56:42","guid":{"rendered":"https:\/\/etc-guarantee.com\/index.php\/guide-to-financial-guarantee\/stand-by-letter-of-credit-to-secure-commercial-and-financial-transactions-in-africa-2\/"},"modified":"2023-09-16T15:54:18","modified_gmt":"2023-09-16T13:54:18","slug":"lettre-de-credit-stand-by-en-afrique","status":"publish","type":"page","link":"https:\/\/etc-guarantee.com\/index.php\/fr\/guide-de-la-garantie-financiere\/lettre-de-credit-stand-by-en-afrique\/","title":{"rendered":"Lettre de Cr\u00e9dit Stand-by pour s\u00e9curiser les transactions commerciales et financi\u00e8res en Afrique"},"content":{"rendered":"","protected":false},"excerpt":{"rendered":"","protected":false},"author":1,"featured_media":7959,"parent":6849,"menu_order":0,"comment_status":"closed","ping_status":"closed","template":"","meta":{"content-type":"","footnotes":""},"class_list":["post-6893","page","type-page","status-publish","has-post-thumbnail","hentry"],"yoast_head":"<!-- This site is optimized with the Yoast SEO Premium plugin v27.3 (Yoast SEO v27.3) - https:\/\/yoast.com\/product\/yoast-seo-premium-wordpress\/ -->\n<title>Lettre de Cr\u00e9dit Stand-by pour s\u00e9curiser les transactions commerciales et financi\u00e8res en Afrique - ETC Guarantee<\/title>\n<meta name=\"description\" content=\"Tout savoir sur la Lettre de Cr\u00e9dit Stand-by pour s\u00e9curiser les transactions commerciales et financi\u00e8res en Afrique\" \/>\n<meta name=\"robots\" content=\"index, follow, max-snippet:-1, max-image-preview:large, max-video-preview:-1\" \/>\n<link rel=\"canonical\" href=\"https:\/\/etc-guarantee.com\/index.php\/fr\/guide-de-la-garantie-financiere\/lettre-de-credit-stand-by-en-afrique\/\" \/>\n<meta property=\"og:locale\" content=\"en_US\" \/>\n<meta property=\"og:type\" content=\"article\" \/>\n<meta property=\"og:title\" content=\"Lettre de Cr\u00e9dit Stand-by pour s\u00e9curiser les transactions commerciales et financi\u00e8res en Afrique\" \/>\n<meta property=\"og:description\" content=\"Qu\u2019est-ce que la lettre de cr\u00e9dit stand-by ? | Pourquoi utiliser la lettre de cr\u00e9dit Stand-by ? | Comment fonctionne la lettre de cr\u00e9dit Stand-by ? | La lettre de cr\u00e9dit Stand-by dans les transactions en Afrique | Ce qu\u2019il faut retenir de la lettre de cr\u00e9dit stand-by\" \/>\n<meta property=\"og:url\" content=\"https:\/\/etc-guarantee.com\/index.php\/fr\/guide-de-la-garantie-financiere\/lettre-de-credit-stand-by-en-afrique\/\" \/>\n<meta property=\"og:site_name\" content=\"ETC Guarantee\" \/>\n<meta property=\"article:modified_time\" content=\"2023-09-16T13:54:18+00:00\" \/>\n<meta property=\"og:image\" content=\"https:\/\/etc-guarantee.com\/wp-content\/uploads\/2023\/09\/SBLC-1024x684.png\" \/>\n\t<meta property=\"og:image:width\" content=\"1024\" \/>\n\t<meta property=\"og:image:height\" content=\"684\" \/>\n\t<meta property=\"og:image:type\" content=\"image\/png\" \/>\n<meta name=\"twitter:card\" content=\"summary_large_image\" \/>\n<meta name=\"twitter:title\" content=\"Lettre de Cr\u00e9dit Stand-by pour s\u00e9curiser les transactions commerciales et financi\u00e8res en Afrique\" \/>\n<meta name=\"twitter:description\" content=\"Qu\u2019est-ce que la lettre de cr\u00e9dit stand-by ? | Pourquoi utiliser la lettre de cr\u00e9dit Stand-by ? | Comment fonctionne la lettre de cr\u00e9dit Stand-by ? | La lettre de cr\u00e9dit Stand-by dans les transactions en Afrique | Ce qu\u2019il faut retenir de la lettre de cr\u00e9dit stand-by\" \/>\n<meta name=\"twitter:image\" content=\"https:\/\/etc-guarantee.com\/wp-content\/uploads\/2023\/09\/SBLC.png\" \/>\n<script type=\"application\/ld+json\" class=\"yoast-schema-graph\">{\"@context\":\"https:\\\/\\\/schema.org\",\"@graph\":[{\"@type\":\"WebPage\",\"@id\":\"https:\\\/\\\/etc-guarantee.com\\\/index.php\\\/fr\\\/guide-de-la-garantie-financiere\\\/lettre-de-credit-stand-by-en-afrique\\\/\",\"url\":\"https:\\\/\\\/etc-guarantee.com\\\/index.php\\\/fr\\\/guide-de-la-garantie-financiere\\\/lettre-de-credit-stand-by-en-afrique\\\/\",\"name\":\"Lettre de Cr\u00e9dit Stand-by pour s\u00e9curiser les transactions commerciales et financi\u00e8res en Afrique - ETC Guarantee\",\"isPartOf\":{\"@id\":\"https:\\\/\\\/etc-guarantee.com\\\/#website\"},\"primaryImageOfPage\":{\"@id\":\"https:\\\/\\\/etc-guarantee.com\\\/index.php\\\/fr\\\/guide-de-la-garantie-financiere\\\/lettre-de-credit-stand-by-en-afrique\\\/#primaryimage\"},\"image\":{\"@id\":\"https:\\\/\\\/etc-guarantee.com\\\/index.php\\\/fr\\\/guide-de-la-garantie-financiere\\\/lettre-de-credit-stand-by-en-afrique\\\/#primaryimage\"},\"thumbnailUrl\":\"https:\\\/\\\/etc-guarantee.com\\\/wp-content\\\/uploads\\\/2023\\\/09\\\/SBLC.png\",\"datePublished\":\"2023-07-03T13:56:42+00:00\",\"dateModified\":\"2023-09-16T13:54:18+00:00\",\"description\":\"Tout savoir sur la Lettre de Cr\u00e9dit Stand-by pour s\u00e9curiser les transactions commerciales et financi\u00e8res en Afrique\",\"breadcrumb\":{\"@id\":\"https:\\\/\\\/etc-guarantee.com\\\/index.php\\\/fr\\\/guide-de-la-garantie-financiere\\\/lettre-de-credit-stand-by-en-afrique\\\/#breadcrumb\"},\"inLanguage\":\"en-US\",\"potentialAction\":[{\"@type\":\"ReadAction\",\"target\":[\"https:\\\/\\\/etc-guarantee.com\\\/index.php\\\/fr\\\/guide-de-la-garantie-financiere\\\/lettre-de-credit-stand-by-en-afrique\\\/\"]}]},{\"@type\":\"ImageObject\",\"inLanguage\":\"en-US\",\"@id\":\"https:\\\/\\\/etc-guarantee.com\\\/index.php\\\/fr\\\/guide-de-la-garantie-financiere\\\/lettre-de-credit-stand-by-en-afrique\\\/#primaryimage\",\"url\":\"https:\\\/\\\/etc-guarantee.com\\\/wp-content\\\/uploads\\\/2023\\\/09\\\/SBLC.png\",\"contentUrl\":\"https:\\\/\\\/etc-guarantee.com\\\/wp-content\\\/uploads\\\/2023\\\/09\\\/SBLC.png\",\"width\":2119,\"height\":1415,\"caption\":\"SBLC\"},{\"@type\":\"BreadcrumbList\",\"@id\":\"https:\\\/\\\/etc-guarantee.com\\\/index.php\\\/fr\\\/guide-de-la-garantie-financiere\\\/lettre-de-credit-stand-by-en-afrique\\\/#breadcrumb\",\"itemListElement\":[{\"@type\":\"ListItem\",\"position\":1,\"name\":\"Home\",\"item\":\"https:\\\/\\\/etc-guarantee.com\\\/\"},{\"@type\":\"ListItem\",\"position\":2,\"name\":\"Guide de la garantie financi\u00e8re\",\"item\":\"https:\\\/\\\/etc-guarantee.com\\\/index.php\\\/fr\\\/guide-de-la-garantie-financiere\\\/\"},{\"@type\":\"ListItem\",\"position\":3,\"name\":\"Lettre de Cr\u00e9dit Stand-by pour s\u00e9curiser les transactions commerciales et financi\u00e8res en Afrique\"}]},{\"@type\":\"WebSite\",\"@id\":\"https:\\\/\\\/etc-guarantee.com\\\/#website\",\"url\":\"https:\\\/\\\/etc-guarantee.com\\\/\",\"name\":\"ETC Guarantee\",\"description\":\"Guarantee of market, investment and trade in Africa\",\"publisher\":{\"@id\":\"https:\\\/\\\/etc-guarantee.com\\\/#organization\"},\"potentialAction\":[{\"@type\":\"SearchAction\",\"target\":{\"@type\":\"EntryPoint\",\"urlTemplate\":\"https:\\\/\\\/etc-guarantee.com\\\/?s={search_term_string}\"},\"query-input\":{\"@type\":\"PropertyValueSpecification\",\"valueRequired\":true,\"valueName\":\"search_term_string\"}}],\"inLanguage\":\"en-US\"},{\"@type\":\"Organization\",\"@id\":\"https:\\\/\\\/etc-guarantee.com\\\/#organization\",\"name\":\"ETC - Export Trading & Cooperation\",\"url\":\"https:\\\/\\\/etc-guarantee.com\\\/\",\"logo\":{\"@type\":\"ImageObject\",\"inLanguage\":\"en-US\",\"@id\":\"https:\\\/\\\/etc-guarantee.com\\\/#\\\/schema\\\/logo\\\/image\\\/\",\"url\":\"https:\\\/\\\/etc-guarantee.com\\\/wp-content\\\/uploads\\\/2023\\\/05\\\/avatar-300x300-1.jpg\",\"contentUrl\":\"https:\\\/\\\/etc-guarantee.com\\\/wp-content\\\/uploads\\\/2023\\\/05\\\/avatar-300x300-1.jpg\",\"width\":300,\"height\":300,\"caption\":\"ETC - Export Trading & Cooperation\"},\"image\":{\"@id\":\"https:\\\/\\\/etc-guarantee.com\\\/#\\\/schema\\\/logo\\\/image\\\/\"},\"sameAs\":[\"https:\\\/\\\/it.linkedin.com\\\/company\\\/etcinvest\",\"https:\\\/\\\/www.youtube.com\\\/channel\\\/UCuauiXDlV8tSNQ5_9Q514hw\"]}]}<\/script>\n<!-- \/ Yoast SEO Premium plugin. -->","yoast_head_json":{"title":"Lettre de Cr\u00e9dit Stand-by pour s\u00e9curiser les transactions commerciales et financi\u00e8res en Afrique - ETC Guarantee","description":"Tout savoir sur la Lettre de Cr\u00e9dit Stand-by pour s\u00e9curiser les transactions commerciales et financi\u00e8res en Afrique","robots":{"index":"index","follow":"follow","max-snippet":"max-snippet:-1","max-image-preview":"max-image-preview:large","max-video-preview":"max-video-preview:-1"},"canonical":"https:\/\/etc-guarantee.com\/index.php\/fr\/guide-de-la-garantie-financiere\/lettre-de-credit-stand-by-en-afrique\/","og_locale":"en_US","og_type":"article","og_title":"Lettre de Cr\u00e9dit Stand-by pour s\u00e9curiser les transactions commerciales et financi\u00e8res en Afrique","og_description":"Qu\u2019est-ce que la lettre de cr\u00e9dit stand-by ? | Pourquoi utiliser la lettre de cr\u00e9dit Stand-by ? | Comment fonctionne la lettre de cr\u00e9dit Stand-by ? | La lettre de cr\u00e9dit Stand-by dans les transactions en Afrique | Ce qu\u2019il faut retenir de la lettre de cr\u00e9dit stand-by","og_url":"https:\/\/etc-guarantee.com\/index.php\/fr\/guide-de-la-garantie-financiere\/lettre-de-credit-stand-by-en-afrique\/","og_site_name":"ETC Guarantee","article_modified_time":"2023-09-16T13:54:18+00:00","og_image":[{"width":1024,"height":684,"url":"https:\/\/etc-guarantee.com\/wp-content\/uploads\/2023\/09\/SBLC-1024x684.png","type":"image\/png"}],"twitter_card":"summary_large_image","twitter_title":"Lettre de Cr\u00e9dit Stand-by pour s\u00e9curiser les transactions commerciales et financi\u00e8res en Afrique","twitter_description":"Qu\u2019est-ce que la lettre de cr\u00e9dit stand-by ? | Pourquoi utiliser la lettre de cr\u00e9dit Stand-by ? | Comment fonctionne la lettre de cr\u00e9dit Stand-by ? | La lettre de cr\u00e9dit Stand-by dans les transactions en Afrique | Ce qu\u2019il faut retenir de la lettre de cr\u00e9dit stand-by","twitter_image":"https:\/\/etc-guarantee.com\/wp-content\/uploads\/2023\/09\/SBLC.png","schema":{"@context":"https:\/\/schema.org","@graph":[{"@type":"WebPage","@id":"https:\/\/etc-guarantee.com\/index.php\/fr\/guide-de-la-garantie-financiere\/lettre-de-credit-stand-by-en-afrique\/","url":"https:\/\/etc-guarantee.com\/index.php\/fr\/guide-de-la-garantie-financiere\/lettre-de-credit-stand-by-en-afrique\/","name":"Lettre de Cr\u00e9dit Stand-by pour s\u00e9curiser les transactions commerciales et financi\u00e8res en Afrique - ETC Guarantee","isPartOf":{"@id":"https:\/\/etc-guarantee.com\/#website"},"primaryImageOfPage":{"@id":"https:\/\/etc-guarantee.com\/index.php\/fr\/guide-de-la-garantie-financiere\/lettre-de-credit-stand-by-en-afrique\/#primaryimage"},"image":{"@id":"https:\/\/etc-guarantee.com\/index.php\/fr\/guide-de-la-garantie-financiere\/lettre-de-credit-stand-by-en-afrique\/#primaryimage"},"thumbnailUrl":"https:\/\/etc-guarantee.com\/wp-content\/uploads\/2023\/09\/SBLC.png","datePublished":"2023-07-03T13:56:42+00:00","dateModified":"2023-09-16T13:54:18+00:00","description":"Tout savoir sur la Lettre de Cr\u00e9dit Stand-by pour s\u00e9curiser les transactions commerciales et financi\u00e8res en Afrique","breadcrumb":{"@id":"https:\/\/etc-guarantee.com\/index.php\/fr\/guide-de-la-garantie-financiere\/lettre-de-credit-stand-by-en-afrique\/#breadcrumb"},"inLanguage":"en-US","potentialAction":[{"@type":"ReadAction","target":["https:\/\/etc-guarantee.com\/index.php\/fr\/guide-de-la-garantie-financiere\/lettre-de-credit-stand-by-en-afrique\/"]}]},{"@type":"ImageObject","inLanguage":"en-US","@id":"https:\/\/etc-guarantee.com\/index.php\/fr\/guide-de-la-garantie-financiere\/lettre-de-credit-stand-by-en-afrique\/#primaryimage","url":"https:\/\/etc-guarantee.com\/wp-content\/uploads\/2023\/09\/SBLC.png","contentUrl":"https:\/\/etc-guarantee.com\/wp-content\/uploads\/2023\/09\/SBLC.png","width":2119,"height":1415,"caption":"SBLC"},{"@type":"BreadcrumbList","@id":"https:\/\/etc-guarantee.com\/index.php\/fr\/guide-de-la-garantie-financiere\/lettre-de-credit-stand-by-en-afrique\/#breadcrumb","itemListElement":[{"@type":"ListItem","position":1,"name":"Home","item":"https:\/\/etc-guarantee.com\/"},{"@type":"ListItem","position":2,"name":"Guide de la garantie financi\u00e8re","item":"https:\/\/etc-guarantee.com\/index.php\/fr\/guide-de-la-garantie-financiere\/"},{"@type":"ListItem","position":3,"name":"Lettre de Cr\u00e9dit Stand-by pour s\u00e9curiser les transactions commerciales et financi\u00e8res en Afrique"}]},{"@type":"WebSite","@id":"https:\/\/etc-guarantee.com\/#website","url":"https:\/\/etc-guarantee.com\/","name":"ETC Guarantee","description":"Guarantee of market, investment and trade in Africa","publisher":{"@id":"https:\/\/etc-guarantee.com\/#organization"},"potentialAction":[{"@type":"SearchAction","target":{"@type":"EntryPoint","urlTemplate":"https:\/\/etc-guarantee.com\/?s={search_term_string}"},"query-input":{"@type":"PropertyValueSpecification","valueRequired":true,"valueName":"search_term_string"}}],"inLanguage":"en-US"},{"@type":"Organization","@id":"https:\/\/etc-guarantee.com\/#organization","name":"ETC - Export Trading & Cooperation","url":"https:\/\/etc-guarantee.com\/","logo":{"@type":"ImageObject","inLanguage":"en-US","@id":"https:\/\/etc-guarantee.com\/#\/schema\/logo\/image\/","url":"https:\/\/etc-guarantee.com\/wp-content\/uploads\/2023\/05\/avatar-300x300-1.jpg","contentUrl":"https:\/\/etc-guarantee.com\/wp-content\/uploads\/2023\/05\/avatar-300x300-1.jpg","width":300,"height":300,"caption":"ETC - Export Trading & Cooperation"},"image":{"@id":"https:\/\/etc-guarantee.com\/#\/schema\/logo\/image\/"},"sameAs":["https:\/\/it.linkedin.com\/company\/etcinvest","https:\/\/www.youtube.com\/channel\/UCuauiXDlV8tSNQ5_9Q514hw"]}]}},"_links":{"self":[{"href":"https:\/\/etc-guarantee.com\/index.php\/wp-json\/wp\/v2\/pages\/6893","targetHints":{"allow":["GET"]}}],"collection":[{"href":"https:\/\/etc-guarantee.com\/index.php\/wp-json\/wp\/v2\/pages"}],"about":[{"href":"https:\/\/etc-guarantee.com\/index.php\/wp-json\/wp\/v2\/types\/page"}],"author":[{"embeddable":true,"href":"https:\/\/etc-guarantee.com\/index.php\/wp-json\/wp\/v2\/users\/1"}],"replies":[{"embeddable":true,"href":"https:\/\/etc-guarantee.com\/index.php\/wp-json\/wp\/v2\/comments?post=6893"}],"version-history":[{"count":5,"href":"https:\/\/etc-guarantee.com\/index.php\/wp-json\/wp\/v2\/pages\/6893\/revisions"}],"predecessor-version":[{"id":8073,"href":"https:\/\/etc-guarantee.com\/index.php\/wp-json\/wp\/v2\/pages\/6893\/revisions\/8073"}],"up":[{"embeddable":true,"href":"https:\/\/etc-guarantee.com\/index.php\/wp-json\/wp\/v2\/pages\/6849"}],"wp:featuredmedia":[{"embeddable":true,"href":"https:\/\/etc-guarantee.com\/index.php\/wp-json\/wp\/v2\/media\/7959"}],"wp:attachment":[{"href":"https:\/\/etc-guarantee.com\/index.php\/wp-json\/wp\/v2\/media?parent=6893"}],"curies":[{"name":"wp","href":"https:\/\/api.w.org\/{rel}","templated":true}]}}