{"id":6880,"date":"2023-07-03T15:30:01","date_gmt":"2023-07-03T13:30:01","guid":{"rendered":"https:\/\/etc-guarantee.com\/index.php\/guide-to-financial-guarantee\/the-uniform-rules-for-demand-guarantees-urdg-758-to-promote-security-and-confidence-in-commercial-transactions-in-sub-saharan-africa-2\/"},"modified":"2023-09-16T15:38:57","modified_gmt":"2023-09-16T13:38:57","slug":"les-regles-uniformes-relatives-aux-garanties-sur-demande-rugd-758","status":"publish","type":"page","link":"https:\/\/etc-guarantee.com\/index.php\/fr\/guide-de-la-garantie-financiere\/les-regles-uniformes-relatives-aux-garanties-sur-demande-rugd-758\/","title":{"rendered":"Les R\u00e8gles Uniformes relatives aux Garanties sur Demande (RUGD \u2013 758) pour favoriser la s\u00e9curit\u00e9 et la confiance dans les transactions commerciales en Afrique subsaharienne."},"content":{"rendered":"","protected":false},"excerpt":{"rendered":"","protected":false},"author":1,"featured_media":7939,"parent":6849,"menu_order":0,"comment_status":"closed","ping_status":"closed","template":"","meta":{"content-type":"","footnotes":""},"class_list":["post-6880","page","type-page","status-publish","has-post-thumbnail","hentry"],"yoast_head":"<!-- This site is optimized with the Yoast SEO Premium plugin v27.3 (Yoast SEO v27.3) - https:\/\/yoast.com\/product\/yoast-seo-premium-wordpress\/ -->\n<title>Les R\u00e8gles Uniformes relatives aux Garanties sur Demande (RUGD \u2013 758) pour favoriser la s\u00e9curit\u00e9 et la confiance dans les transactions commerciales en Afrique subsaharienne. - ETC Guarantee<\/title>\n<meta name=\"description\" content=\"Les R\u00e8gles Uniformes relatives aux Garanties sur Demande (RUGD \u2013 758) pour favoriser la s\u00e9curit\u00e9 et la confiance dans les transactions commerciales en Afrique subsaharienne.\" \/>\n<meta name=\"robots\" content=\"index, follow, max-snippet:-1, max-image-preview:large, max-video-preview:-1\" \/>\n<link rel=\"canonical\" href=\"https:\/\/etc-guarantee.com\/index.php\/fr\/guide-de-la-garantie-financiere\/les-regles-uniformes-relatives-aux-garanties-sur-demande-rugd-758\/\" \/>\n<meta property=\"og:locale\" content=\"en_US\" \/>\n<meta property=\"og:type\" content=\"article\" \/>\n<meta property=\"og:title\" content=\"LES R\u00c8GLES UNIFORMES RELATIVES AUX GARANTIES SUR DEMANDE (RUGD \u2013 758)\" \/>\n<meta property=\"og:description\" content=\"Les r\u00e8gles uniformes relatives aux garanties sur demande (RUGD \u2013 758) pour favoriser la s\u00e9curit\u00e9 et la confiance dans les transactions commerciales en Afrique subsaharienne\" \/>\n<meta property=\"og:url\" content=\"https:\/\/etc-guarantee.com\/index.php\/fr\/guide-de-la-garantie-financiere\/les-regles-uniformes-relatives-aux-garanties-sur-demande-rugd-758\/\" \/>\n<meta property=\"og:site_name\" content=\"ETC Guarantee\" \/>\n<meta property=\"article:modified_time\" content=\"2023-09-16T13:38:57+00:00\" \/>\n<meta property=\"og:image\" content=\"https:\/\/etc-guarantee.com\/wp-content\/uploads\/2023\/09\/RUGD-758.jpg\" \/>\n\t<meta property=\"og:image:width\" content=\"2121\" \/>\n\t<meta property=\"og:image:height\" content=\"1414\" \/>\n\t<meta property=\"og:image:type\" content=\"image\/jpeg\" \/>\n<meta name=\"twitter:card\" content=\"summary_large_image\" \/>\n<meta name=\"twitter:title\" content=\"LES R\u00c8GLES UNIFORMES RELATIVES AUX GARANTIES SUR DEMANDE (RUGD \u2013 758)\" \/>\n<meta name=\"twitter:description\" content=\"Les r\u00e8gles uniformes relatives aux garanties sur demande (RUGD \u2013 758) pour favoriser la s\u00e9curit\u00e9 et la confiance dans les transactions commerciales en Afrique subsaharienne.\" \/>\n<meta name=\"twitter:image\" content=\"https:\/\/etc-guarantee.com\/wp-content\/uploads\/2023\/09\/RUGD-758.jpg\" \/>\n<script type=\"application\/ld+json\" class=\"yoast-schema-graph\">{\"@context\":\"https:\\\/\\\/schema.org\",\"@graph\":[{\"@type\":\"WebPage\",\"@id\":\"https:\\\/\\\/etc-guarantee.com\\\/index.php\\\/fr\\\/guide-de-la-garantie-financiere\\\/les-regles-uniformes-relatives-aux-garanties-sur-demande-rugd-758\\\/\",\"url\":\"https:\\\/\\\/etc-guarantee.com\\\/index.php\\\/fr\\\/guide-de-la-garantie-financiere\\\/les-regles-uniformes-relatives-aux-garanties-sur-demande-rugd-758\\\/\",\"name\":\"Les R\u00e8gles Uniformes relatives aux Garanties sur Demande (RUGD \u2013 758) pour favoriser la s\u00e9curit\u00e9 et la confiance dans les transactions commerciales en Afrique subsaharienne. - ETC Guarantee\",\"isPartOf\":{\"@id\":\"https:\\\/\\\/etc-guarantee.com\\\/#website\"},\"primaryImageOfPage\":{\"@id\":\"https:\\\/\\\/etc-guarantee.com\\\/index.php\\\/fr\\\/guide-de-la-garantie-financiere\\\/les-regles-uniformes-relatives-aux-garanties-sur-demande-rugd-758\\\/#primaryimage\"},\"image\":{\"@id\":\"https:\\\/\\\/etc-guarantee.com\\\/index.php\\\/fr\\\/guide-de-la-garantie-financiere\\\/les-regles-uniformes-relatives-aux-garanties-sur-demande-rugd-758\\\/#primaryimage\"},\"thumbnailUrl\":\"https:\\\/\\\/etc-guarantee.com\\\/wp-content\\\/uploads\\\/2023\\\/09\\\/RUGD-758.jpg\",\"datePublished\":\"2023-07-03T13:30:01+00:00\",\"dateModified\":\"2023-09-16T13:38:57+00:00\",\"description\":\"Les R\u00e8gles Uniformes relatives aux Garanties sur Demande (RUGD \u2013 758) pour favoriser la s\u00e9curit\u00e9 et la confiance dans les transactions commerciales en Afrique subsaharienne.\",\"breadcrumb\":{\"@id\":\"https:\\\/\\\/etc-guarantee.com\\\/index.php\\\/fr\\\/guide-de-la-garantie-financiere\\\/les-regles-uniformes-relatives-aux-garanties-sur-demande-rugd-758\\\/#breadcrumb\"},\"inLanguage\":\"en-US\",\"potentialAction\":[{\"@type\":\"ReadAction\",\"target\":[\"https:\\\/\\\/etc-guarantee.com\\\/index.php\\\/fr\\\/guide-de-la-garantie-financiere\\\/les-regles-uniformes-relatives-aux-garanties-sur-demande-rugd-758\\\/\"]}]},{\"@type\":\"ImageObject\",\"inLanguage\":\"en-US\",\"@id\":\"https:\\\/\\\/etc-guarantee.com\\\/index.php\\\/fr\\\/guide-de-la-garantie-financiere\\\/les-regles-uniformes-relatives-aux-garanties-sur-demande-rugd-758\\\/#primaryimage\",\"url\":\"https:\\\/\\\/etc-guarantee.com\\\/wp-content\\\/uploads\\\/2023\\\/09\\\/RUGD-758.jpg\",\"contentUrl\":\"https:\\\/\\\/etc-guarantee.com\\\/wp-content\\\/uploads\\\/2023\\\/09\\\/RUGD-758.jpg\",\"width\":2121,\"height\":1414,\"caption\":\"Mature businessman discussing work with black manager writing notes in diary. Confident business man in formal clothing working with african american woman showing data on digital tablet. Smiling professional business people working together on new business strategy.\"},{\"@type\":\"BreadcrumbList\",\"@id\":\"https:\\\/\\\/etc-guarantee.com\\\/index.php\\\/fr\\\/guide-de-la-garantie-financiere\\\/les-regles-uniformes-relatives-aux-garanties-sur-demande-rugd-758\\\/#breadcrumb\",\"itemListElement\":[{\"@type\":\"ListItem\",\"position\":1,\"name\":\"Home\",\"item\":\"https:\\\/\\\/etc-guarantee.com\\\/\"},{\"@type\":\"ListItem\",\"position\":2,\"name\":\"Guide de la garantie financi\u00e8re\",\"item\":\"https:\\\/\\\/etc-guarantee.com\\\/index.php\\\/fr\\\/guide-de-la-garantie-financiere\\\/\"},{\"@type\":\"ListItem\",\"position\":3,\"name\":\"Les R\u00e8gles Uniformes relatives aux Garanties sur Demande (RUGD \u2013 758) pour favoriser la s\u00e9curit\u00e9 et la confiance dans les transactions commerciales en Afrique subsaharienne.\"}]},{\"@type\":\"WebSite\",\"@id\":\"https:\\\/\\\/etc-guarantee.com\\\/#website\",\"url\":\"https:\\\/\\\/etc-guarantee.com\\\/\",\"name\":\"ETC Guarantee\",\"description\":\"Guarantee of market, investment and trade in Africa\",\"publisher\":{\"@id\":\"https:\\\/\\\/etc-guarantee.com\\\/#organization\"},\"potentialAction\":[{\"@type\":\"SearchAction\",\"target\":{\"@type\":\"EntryPoint\",\"urlTemplate\":\"https:\\\/\\\/etc-guarantee.com\\\/?s={search_term_string}\"},\"query-input\":{\"@type\":\"PropertyValueSpecification\",\"valueRequired\":true,\"valueName\":\"search_term_string\"}}],\"inLanguage\":\"en-US\"},{\"@type\":\"Organization\",\"@id\":\"https:\\\/\\\/etc-guarantee.com\\\/#organization\",\"name\":\"ETC - Export Trading & Cooperation\",\"url\":\"https:\\\/\\\/etc-guarantee.com\\\/\",\"logo\":{\"@type\":\"ImageObject\",\"inLanguage\":\"en-US\",\"@id\":\"https:\\\/\\\/etc-guarantee.com\\\/#\\\/schema\\\/logo\\\/image\\\/\",\"url\":\"https:\\\/\\\/etc-guarantee.com\\\/wp-content\\\/uploads\\\/2023\\\/05\\\/avatar-300x300-1.jpg\",\"contentUrl\":\"https:\\\/\\\/etc-guarantee.com\\\/wp-content\\\/uploads\\\/2023\\\/05\\\/avatar-300x300-1.jpg\",\"width\":300,\"height\":300,\"caption\":\"ETC - Export Trading & Cooperation\"},\"image\":{\"@id\":\"https:\\\/\\\/etc-guarantee.com\\\/#\\\/schema\\\/logo\\\/image\\\/\"},\"sameAs\":[\"https:\\\/\\\/it.linkedin.com\\\/company\\\/etcinvest\",\"https:\\\/\\\/www.youtube.com\\\/channel\\\/UCuauiXDlV8tSNQ5_9Q514hw\"]}]}<\/script>\n<!-- \/ Yoast SEO Premium plugin. -->","yoast_head_json":{"title":"Les R\u00e8gles Uniformes relatives aux Garanties sur Demande (RUGD \u2013 758) pour favoriser la s\u00e9curit\u00e9 et la confiance dans les transactions commerciales en Afrique subsaharienne. - ETC Guarantee","description":"Les R\u00e8gles Uniformes relatives aux Garanties sur Demande (RUGD \u2013 758) pour favoriser la s\u00e9curit\u00e9 et la confiance dans les transactions commerciales en Afrique subsaharienne.","robots":{"index":"index","follow":"follow","max-snippet":"max-snippet:-1","max-image-preview":"max-image-preview:large","max-video-preview":"max-video-preview:-1"},"canonical":"https:\/\/etc-guarantee.com\/index.php\/fr\/guide-de-la-garantie-financiere\/les-regles-uniformes-relatives-aux-garanties-sur-demande-rugd-758\/","og_locale":"en_US","og_type":"article","og_title":"LES R\u00c8GLES UNIFORMES RELATIVES AUX GARANTIES SUR DEMANDE (RUGD \u2013 758)","og_description":"Les r\u00e8gles uniformes relatives aux garanties sur demande (RUGD \u2013 758) pour favoriser la s\u00e9curit\u00e9 et la confiance dans les transactions commerciales en Afrique subsaharienne","og_url":"https:\/\/etc-guarantee.com\/index.php\/fr\/guide-de-la-garantie-financiere\/les-regles-uniformes-relatives-aux-garanties-sur-demande-rugd-758\/","og_site_name":"ETC Guarantee","article_modified_time":"2023-09-16T13:38:57+00:00","og_image":[{"width":2121,"height":1414,"url":"https:\/\/etc-guarantee.com\/wp-content\/uploads\/2023\/09\/RUGD-758.jpg","type":"image\/jpeg"}],"twitter_card":"summary_large_image","twitter_title":"LES R\u00c8GLES UNIFORMES RELATIVES AUX GARANTIES SUR DEMANDE (RUGD \u2013 758)","twitter_description":"Les r\u00e8gles uniformes relatives aux garanties sur demande (RUGD \u2013 758) pour favoriser la s\u00e9curit\u00e9 et la confiance dans les transactions commerciales en Afrique subsaharienne.","twitter_image":"https:\/\/etc-guarantee.com\/wp-content\/uploads\/2023\/09\/RUGD-758.jpg","schema":{"@context":"https:\/\/schema.org","@graph":[{"@type":"WebPage","@id":"https:\/\/etc-guarantee.com\/index.php\/fr\/guide-de-la-garantie-financiere\/les-regles-uniformes-relatives-aux-garanties-sur-demande-rugd-758\/","url":"https:\/\/etc-guarantee.com\/index.php\/fr\/guide-de-la-garantie-financiere\/les-regles-uniformes-relatives-aux-garanties-sur-demande-rugd-758\/","name":"Les R\u00e8gles Uniformes relatives aux Garanties sur Demande (RUGD \u2013 758) pour favoriser la s\u00e9curit\u00e9 et la confiance dans les transactions commerciales en Afrique subsaharienne. - ETC Guarantee","isPartOf":{"@id":"https:\/\/etc-guarantee.com\/#website"},"primaryImageOfPage":{"@id":"https:\/\/etc-guarantee.com\/index.php\/fr\/guide-de-la-garantie-financiere\/les-regles-uniformes-relatives-aux-garanties-sur-demande-rugd-758\/#primaryimage"},"image":{"@id":"https:\/\/etc-guarantee.com\/index.php\/fr\/guide-de-la-garantie-financiere\/les-regles-uniformes-relatives-aux-garanties-sur-demande-rugd-758\/#primaryimage"},"thumbnailUrl":"https:\/\/etc-guarantee.com\/wp-content\/uploads\/2023\/09\/RUGD-758.jpg","datePublished":"2023-07-03T13:30:01+00:00","dateModified":"2023-09-16T13:38:57+00:00","description":"Les R\u00e8gles Uniformes relatives aux Garanties sur Demande (RUGD \u2013 758) pour favoriser la s\u00e9curit\u00e9 et la confiance dans les transactions commerciales en Afrique subsaharienne.","breadcrumb":{"@id":"https:\/\/etc-guarantee.com\/index.php\/fr\/guide-de-la-garantie-financiere\/les-regles-uniformes-relatives-aux-garanties-sur-demande-rugd-758\/#breadcrumb"},"inLanguage":"en-US","potentialAction":[{"@type":"ReadAction","target":["https:\/\/etc-guarantee.com\/index.php\/fr\/guide-de-la-garantie-financiere\/les-regles-uniformes-relatives-aux-garanties-sur-demande-rugd-758\/"]}]},{"@type":"ImageObject","inLanguage":"en-US","@id":"https:\/\/etc-guarantee.com\/index.php\/fr\/guide-de-la-garantie-financiere\/les-regles-uniformes-relatives-aux-garanties-sur-demande-rugd-758\/#primaryimage","url":"https:\/\/etc-guarantee.com\/wp-content\/uploads\/2023\/09\/RUGD-758.jpg","contentUrl":"https:\/\/etc-guarantee.com\/wp-content\/uploads\/2023\/09\/RUGD-758.jpg","width":2121,"height":1414,"caption":"Mature businessman discussing work with black manager writing notes in diary. Confident business man in formal clothing working with african american woman showing data on digital tablet. Smiling professional business people working together on new business strategy."},{"@type":"BreadcrumbList","@id":"https:\/\/etc-guarantee.com\/index.php\/fr\/guide-de-la-garantie-financiere\/les-regles-uniformes-relatives-aux-garanties-sur-demande-rugd-758\/#breadcrumb","itemListElement":[{"@type":"ListItem","position":1,"name":"Home","item":"https:\/\/etc-guarantee.com\/"},{"@type":"ListItem","position":2,"name":"Guide de la garantie financi\u00e8re","item":"https:\/\/etc-guarantee.com\/index.php\/fr\/guide-de-la-garantie-financiere\/"},{"@type":"ListItem","position":3,"name":"Les R\u00e8gles Uniformes relatives aux Garanties sur Demande (RUGD \u2013 758) pour favoriser la s\u00e9curit\u00e9 et la confiance dans les transactions commerciales en Afrique subsaharienne."}]},{"@type":"WebSite","@id":"https:\/\/etc-guarantee.com\/#website","url":"https:\/\/etc-guarantee.com\/","name":"ETC Guarantee","description":"Guarantee of market, investment and trade in Africa","publisher":{"@id":"https:\/\/etc-guarantee.com\/#organization"},"potentialAction":[{"@type":"SearchAction","target":{"@type":"EntryPoint","urlTemplate":"https:\/\/etc-guarantee.com\/?s={search_term_string}"},"query-input":{"@type":"PropertyValueSpecification","valueRequired":true,"valueName":"search_term_string"}}],"inLanguage":"en-US"},{"@type":"Organization","@id":"https:\/\/etc-guarantee.com\/#organization","name":"ETC - Export Trading & Cooperation","url":"https:\/\/etc-guarantee.com\/","logo":{"@type":"ImageObject","inLanguage":"en-US","@id":"https:\/\/etc-guarantee.com\/#\/schema\/logo\/image\/","url":"https:\/\/etc-guarantee.com\/wp-content\/uploads\/2023\/05\/avatar-300x300-1.jpg","contentUrl":"https:\/\/etc-guarantee.com\/wp-content\/uploads\/2023\/05\/avatar-300x300-1.jpg","width":300,"height":300,"caption":"ETC - Export Trading & Cooperation"},"image":{"@id":"https:\/\/etc-guarantee.com\/#\/schema\/logo\/image\/"},"sameAs":["https:\/\/it.linkedin.com\/company\/etcinvest","https:\/\/www.youtube.com\/channel\/UCuauiXDlV8tSNQ5_9Q514hw"]}]}},"_links":{"self":[{"href":"https:\/\/etc-guarantee.com\/index.php\/wp-json\/wp\/v2\/pages\/6880","targetHints":{"allow":["GET"]}}],"collection":[{"href":"https:\/\/etc-guarantee.com\/index.php\/wp-json\/wp\/v2\/pages"}],"about":[{"href":"https:\/\/etc-guarantee.com\/index.php\/wp-json\/wp\/v2\/types\/page"}],"author":[{"embeddable":true,"href":"https:\/\/etc-guarantee.com\/index.php\/wp-json\/wp\/v2\/users\/1"}],"replies":[{"embeddable":true,"href":"https:\/\/etc-guarantee.com\/index.php\/wp-json\/wp\/v2\/comments?post=6880"}],"version-history":[{"count":5,"href":"https:\/\/etc-guarantee.com\/index.php\/wp-json\/wp\/v2\/pages\/6880\/revisions"}],"predecessor-version":[{"id":8065,"href":"https:\/\/etc-guarantee.com\/index.php\/wp-json\/wp\/v2\/pages\/6880\/revisions\/8065"}],"up":[{"embeddable":true,"href":"https:\/\/etc-guarantee.com\/index.php\/wp-json\/wp\/v2\/pages\/6849"}],"wp:featuredmedia":[{"embeddable":true,"href":"https:\/\/etc-guarantee.com\/index.php\/wp-json\/wp\/v2\/media\/7939"}],"wp:attachment":[{"href":"https:\/\/etc-guarantee.com\/index.php\/wp-json\/wp\/v2\/media?parent=6880"}],"curies":[{"name":"wp","href":"https:\/\/api.w.org\/{rel}","templated":true}]}}