{"id":5680,"date":"2023-05-22T14:17:52","date_gmt":"2023-05-22T12:17:52","guid":{"rendered":"https:\/\/etc-guarantee.com\/?page_id=5680"},"modified":"2023-05-22T14:17:53","modified_gmt":"2023-05-22T12:17:53","slug":"avis-dinformation-de-confidentialite","status":"publish","type":"page","link":"https:\/\/etc-guarantee.com\/index.php\/fr\/avis-dinformation-de-confidentialite\/","title":{"rendered":"AVIS D&#8217;INFORMATION DE CONFIDENTIALIT\u00c9"},"content":{"rendered":"\n<p>Cher Utilisateur,<\/p>\n\n\n\n<p>En vertu des articles 13 et 14 du R\u00e8glement UE 679\/2016 et en ce qui concerne les donn\u00e9es personnelles que vous avez l&#8217;intention de fournir \u00e0 ETC Invest SpA, nous vous informons que:<\/p>\n\n\n\n<p><strong>1. Identit\u00e9 et coordonn\u00e9es du responsable du traitement des donn\u00e9es<\/strong><\/p>\n\n\n\n<p>Le contr\u00f4leur de donn\u00e9es est ETC Invest SpA, email: gdpr@etcgroup.it<\/p>\n\n\n\n<p><strong>2. Cat\u00e9gories de donn\u00e9es personnelles trait\u00e9es<\/strong><\/p>\n\n\n\n<p>Les donn\u00e9es personnelles fournies via le formulaire en ligne du site Web de l&#8217;entreprise (nom, pr\u00e9nom, adresse e-mail, t\u00e9l\u00e9phone) sont facultatives et strictement n\u00e9cessaires \u00e0 la r\u00e9alisation des activit\u00e9s; la non-attribution implique l&#8217;impossibilit\u00e9 de fournir l&#8217;activit\u00e9.<\/p>\n\n\n\n<p><strong>3. Objectifs du traitement des donn\u00e9es<\/strong><\/p>\n\n\n\n<p>Les donn\u00e9es personnelles fournies seront stock\u00e9es et trait\u00e9es dans le but de r\u00e9pondre aux demandes d&#8217;informations re\u00e7ues via le formulaire en ligne, en fournissant des services d&#8217;assistance et de soutien afin d\u2019\u00e9mettre un contrat.<\/p>\n\n\n\n<p><strong>4. M\u00e9thodes de traitement des donn\u00e9es<\/strong><\/p>\n\n\n\n<p>Le traitement des donn\u00e9es personnelles sera effectu\u00e9 par des moyens manuels, informatiques ou t\u00e9l\u00e9matiques, propres \u00e0 garantir la s\u00e9curit\u00e9 et dans le respect des obligations de confidentialit\u00e9 et sera effectu\u00e9 par un personnel form\u00e9 \u00e0 cet \u00e9gard.<\/p>\n\n\n\n<p><strong>5. Port\u00e9e de la communication des donn\u00e9es personnelles et de la diffusion<\/strong><\/p>\n\n\n\n<p>Les donn\u00e9es personnelles collect\u00e9es peuvent \u00eatre transf\u00e9r\u00e9es \u00e0 des tiers qui fournissent des services li\u00e9s aux activit\u00e9s de la Soci\u00e9t\u00e9 et avec lesquels des accords sp\u00e9cifiques ont \u00e9t\u00e9 sign\u00e9s conform\u00e9ment \u00e0 la r\u00e9glementation en vigueur dans la gestion des activit\u00e9s (par exemple, \u00e0 des fins comptables) et en application aux normes applicables aux industries (par exemple Mailchimp). En outre, les donn\u00e9es peuvent \u00eatre divulgu\u00e9es aux soci\u00e9t\u00e9s appartenant au Groupe ETC uniquement aux fins vis\u00e9es au point 3 ci-dessus.<\/p>\n\n\n\n<p>En outre, les informations peuvent \u00eatre divulgu\u00e9es si n\u00e9cessaire sur demande \u00e0 l&#8217;autorit\u00e9 judiciaire ou \u00e0 la s\u00e9curit\u00e9 publique. Les donn\u00e9es personnelles collect\u00e9es ne seront en aucun cas diffus\u00e9es.<\/p>\n\n\n\n<p><strong>6. P\u00e9riode de conservation des donn\u00e9es<\/strong><\/p>\n\n\n\n<p>Les donn\u00e9es collect\u00e9es seront conserv\u00e9es pendant une p\u00e9riode ne d\u00e9passant pas la r\u00e9alisation des objectifs pour lesquels elles sont trait\u00e9es ou jusqu&#8217;\u00e0 l&#8217;exercice de votre droit de r\u00e9tractation. La v\u00e9rification de l&#8217;obsolescence des donn\u00e9es stock\u00e9es par rapport aux finalit\u00e9s pour lesquelles elles ont \u00e9t\u00e9 collect\u00e9es est effectu\u00e9e p\u00e9riodiquement.<\/p>\n\n\n\n<p><strong>7. Droits reconnus par la loi applicable<\/strong><\/p>\n\n\n\n<p>La personne concern\u00e9e est toujours habilit\u00e9e \u00e0 demander au responsable du traitement des donn\u00e9es d&#8217;acc\u00e9der \u00e0 vos donn\u00e9es, de les corriger ou de les supprimer, de limiter le traitement ou la possibilit\u00e9 de s&#8217;opposer au traitement, de demander la portabilit\u00e9 des donn\u00e9es, de r\u00e9voquer le consentement au traitement des donn\u00e9es. R\u00e9clamant ses droits et d&#8217;autres droits fournis par le RGPD par simple communication \u00e9crite au propri\u00e9taire par l&#8217;interm\u00e9diaire de l&#8217;email gdpr@etcgroup.it.<\/p>\n\n\n\n<p>Le Titulaire proc\u00e9dera dans un d\u00e9lai d&#8217;un mois \u00e0 compter de la r\u00e9ception de la demande d&#8217;envoi d&#8217;une r\u00e9ponse \u00e0 l&#8217;Utilisateur.<\/p>\n\n\n\n<p>Derni\u00e8re modification: rev. 9\/2022<\/p>\n","protected":false},"excerpt":{"rendered":"<p>Cher Utilisateur, En vertu des articles 13 et 14 du R\u00e8glement UE 679\/2016 et en ce qui concerne les donn\u00e9es personnelles que vous avez l&#8217;intention de fournir \u00e0 ETC Invest SpA, nous vous informons que: 1. Identit\u00e9 et coordonn\u00e9es du responsable du traitement des donn\u00e9es Le contr\u00f4leur de donn\u00e9es est ETC Invest SpA, email: gdpr@etcgroup.it [&hellip;]<\/p>\n","protected":false},"author":1,"featured_media":0,"parent":0,"menu_order":0,"comment_status":"closed","ping_status":"open","template":"","meta":{"content-type":"","footnotes":""},"class_list":["post-5680","page","type-page","status-publish","hentry"],"yoast_head":"<!-- This site is optimized with the Yoast SEO Premium plugin v27.3 (Yoast SEO v27.3) - https:\/\/yoast.com\/product\/yoast-seo-premium-wordpress\/ -->\n<title>AVIS D&#039;INFORMATION DE CONFIDENTIALIT\u00c9 - ETC Guarantee<\/title>\n<meta name=\"robots\" content=\"index, follow, max-snippet:-1, max-image-preview:large, max-video-preview:-1\" \/>\n<link rel=\"canonical\" href=\"https:\/\/etc-guarantee.com\/index.php\/fr\/avis-dinformation-de-confidentialite\/\" \/>\n<meta property=\"og:locale\" content=\"en_US\" \/>\n<meta property=\"og:type\" content=\"article\" \/>\n<meta property=\"og:title\" content=\"AVIS D&#039;INFORMATION DE CONFIDENTIALIT\u00c9\" \/>\n<meta property=\"og:description\" content=\"Cher Utilisateur, En vertu des articles 13 et 14 du R\u00e8glement UE 679\/2016 et en ce qui concerne les donn\u00e9es personnelles que vous avez l&#8217;intention de fournir \u00e0 ETC Invest SpA, nous vous informons que: 1. Identit\u00e9 et coordonn\u00e9es du responsable du traitement des donn\u00e9es Le contr\u00f4leur de donn\u00e9es est ETC Invest SpA, email: gdpr@etcgroup.it [&hellip;]\" \/>\n<meta property=\"og:url\" content=\"https:\/\/etc-guarantee.com\/index.php\/fr\/avis-dinformation-de-confidentialite\/\" \/>\n<meta property=\"og:site_name\" content=\"ETC Guarantee\" \/>\n<meta property=\"article:modified_time\" content=\"2023-05-22T12:17:53+00:00\" \/>\n<meta property=\"og:image\" content=\"https:\/\/etc-guarantee.com\/wp-content\/uploads\/2023\/06\/pages-ETC-6.jpg\" \/>\n\t<meta property=\"og:image:width\" content=\"1280\" \/>\n\t<meta property=\"og:image:height\" content=\"771\" \/>\n\t<meta property=\"og:image:type\" content=\"image\/jpeg\" \/>\n<meta name=\"twitter:card\" content=\"summary_large_image\" \/>\n<meta name=\"twitter:label1\" content=\"Est. reading time\" \/>\n\t<meta name=\"twitter:data1\" content=\"3 minutes\" \/>\n<script type=\"application\/ld+json\" class=\"yoast-schema-graph\">{\"@context\":\"https:\\\/\\\/schema.org\",\"@graph\":[{\"@type\":\"WebPage\",\"@id\":\"https:\\\/\\\/etc-guarantee.com\\\/index.php\\\/fr\\\/avis-dinformation-de-confidentialite\\\/\",\"url\":\"https:\\\/\\\/etc-guarantee.com\\\/index.php\\\/fr\\\/avis-dinformation-de-confidentialite\\\/\",\"name\":\"AVIS D'INFORMATION DE CONFIDENTIALIT\u00c9 - ETC Guarantee\",\"isPartOf\":{\"@id\":\"https:\\\/\\\/etc-guarantee.com\\\/#website\"},\"datePublished\":\"2023-05-22T12:17:52+00:00\",\"dateModified\":\"2023-05-22T12:17:53+00:00\",\"breadcrumb\":{\"@id\":\"https:\\\/\\\/etc-guarantee.com\\\/index.php\\\/fr\\\/avis-dinformation-de-confidentialite\\\/#breadcrumb\"},\"inLanguage\":\"en-US\",\"potentialAction\":[{\"@type\":\"ReadAction\",\"target\":[\"https:\\\/\\\/etc-guarantee.com\\\/index.php\\\/fr\\\/avis-dinformation-de-confidentialite\\\/\"]}]},{\"@type\":\"BreadcrumbList\",\"@id\":\"https:\\\/\\\/etc-guarantee.com\\\/index.php\\\/fr\\\/avis-dinformation-de-confidentialite\\\/#breadcrumb\",\"itemListElement\":[{\"@type\":\"ListItem\",\"position\":1,\"name\":\"Home\",\"item\":\"https:\\\/\\\/etc-guarantee.com\\\/\"},{\"@type\":\"ListItem\",\"position\":2,\"name\":\"AVIS D&#8217;INFORMATION DE CONFIDENTIALIT\u00c9\"}]},{\"@type\":\"WebSite\",\"@id\":\"https:\\\/\\\/etc-guarantee.com\\\/#website\",\"url\":\"https:\\\/\\\/etc-guarantee.com\\\/\",\"name\":\"ETC Guarantee\",\"description\":\"Guarantee of market, investment and trade in Africa\",\"publisher\":{\"@id\":\"https:\\\/\\\/etc-guarantee.com\\\/#organization\"},\"potentialAction\":[{\"@type\":\"SearchAction\",\"target\":{\"@type\":\"EntryPoint\",\"urlTemplate\":\"https:\\\/\\\/etc-guarantee.com\\\/?s={search_term_string}\"},\"query-input\":{\"@type\":\"PropertyValueSpecification\",\"valueRequired\":true,\"valueName\":\"search_term_string\"}}],\"inLanguage\":\"en-US\"},{\"@type\":\"Organization\",\"@id\":\"https:\\\/\\\/etc-guarantee.com\\\/#organization\",\"name\":\"ETC - Export Trading & Cooperation\",\"url\":\"https:\\\/\\\/etc-guarantee.com\\\/\",\"logo\":{\"@type\":\"ImageObject\",\"inLanguage\":\"en-US\",\"@id\":\"https:\\\/\\\/etc-guarantee.com\\\/#\\\/schema\\\/logo\\\/image\\\/\",\"url\":\"https:\\\/\\\/etc-guarantee.com\\\/wp-content\\\/uploads\\\/2023\\\/05\\\/avatar-300x300-1.jpg\",\"contentUrl\":\"https:\\\/\\\/etc-guarantee.com\\\/wp-content\\\/uploads\\\/2023\\\/05\\\/avatar-300x300-1.jpg\",\"width\":300,\"height\":300,\"caption\":\"ETC - Export Trading & Cooperation\"},\"image\":{\"@id\":\"https:\\\/\\\/etc-guarantee.com\\\/#\\\/schema\\\/logo\\\/image\\\/\"},\"sameAs\":[\"https:\\\/\\\/it.linkedin.com\\\/company\\\/etcinvest\",\"https:\\\/\\\/www.youtube.com\\\/channel\\\/UCuauiXDlV8tSNQ5_9Q514hw\"]}]}<\/script>\n<!-- \/ Yoast SEO Premium plugin. -->","yoast_head_json":{"title":"AVIS D'INFORMATION DE CONFIDENTIALIT\u00c9 - ETC Guarantee","robots":{"index":"index","follow":"follow","max-snippet":"max-snippet:-1","max-image-preview":"max-image-preview:large","max-video-preview":"max-video-preview:-1"},"canonical":"https:\/\/etc-guarantee.com\/index.php\/fr\/avis-dinformation-de-confidentialite\/","og_locale":"en_US","og_type":"article","og_title":"AVIS D'INFORMATION DE CONFIDENTIALIT\u00c9","og_description":"Cher Utilisateur, En vertu des articles 13 et 14 du R\u00e8glement UE 679\/2016 et en ce qui concerne les donn\u00e9es personnelles que vous avez l&#8217;intention de fournir \u00e0 ETC Invest SpA, nous vous informons que: 1. Identit\u00e9 et coordonn\u00e9es du responsable du traitement des donn\u00e9es Le contr\u00f4leur de donn\u00e9es est ETC Invest SpA, email: gdpr@etcgroup.it [&hellip;]","og_url":"https:\/\/etc-guarantee.com\/index.php\/fr\/avis-dinformation-de-confidentialite\/","og_site_name":"ETC Guarantee","article_modified_time":"2023-05-22T12:17:53+00:00","og_image":[{"width":1280,"height":771,"url":"https:\/\/etc-guarantee.com\/wp-content\/uploads\/2023\/06\/pages-ETC-6.jpg","type":"image\/jpeg"}],"twitter_card":"summary_large_image","twitter_misc":{"Est. reading time":"3 minutes"},"schema":{"@context":"https:\/\/schema.org","@graph":[{"@type":"WebPage","@id":"https:\/\/etc-guarantee.com\/index.php\/fr\/avis-dinformation-de-confidentialite\/","url":"https:\/\/etc-guarantee.com\/index.php\/fr\/avis-dinformation-de-confidentialite\/","name":"AVIS D'INFORMATION DE CONFIDENTIALIT\u00c9 - ETC Guarantee","isPartOf":{"@id":"https:\/\/etc-guarantee.com\/#website"},"datePublished":"2023-05-22T12:17:52+00:00","dateModified":"2023-05-22T12:17:53+00:00","breadcrumb":{"@id":"https:\/\/etc-guarantee.com\/index.php\/fr\/avis-dinformation-de-confidentialite\/#breadcrumb"},"inLanguage":"en-US","potentialAction":[{"@type":"ReadAction","target":["https:\/\/etc-guarantee.com\/index.php\/fr\/avis-dinformation-de-confidentialite\/"]}]},{"@type":"BreadcrumbList","@id":"https:\/\/etc-guarantee.com\/index.php\/fr\/avis-dinformation-de-confidentialite\/#breadcrumb","itemListElement":[{"@type":"ListItem","position":1,"name":"Home","item":"https:\/\/etc-guarantee.com\/"},{"@type":"ListItem","position":2,"name":"AVIS D&#8217;INFORMATION DE CONFIDENTIALIT\u00c9"}]},{"@type":"WebSite","@id":"https:\/\/etc-guarantee.com\/#website","url":"https:\/\/etc-guarantee.com\/","name":"ETC Guarantee","description":"Guarantee of market, investment and trade in Africa","publisher":{"@id":"https:\/\/etc-guarantee.com\/#organization"},"potentialAction":[{"@type":"SearchAction","target":{"@type":"EntryPoint","urlTemplate":"https:\/\/etc-guarantee.com\/?s={search_term_string}"},"query-input":{"@type":"PropertyValueSpecification","valueRequired":true,"valueName":"search_term_string"}}],"inLanguage":"en-US"},{"@type":"Organization","@id":"https:\/\/etc-guarantee.com\/#organization","name":"ETC - Export Trading & Cooperation","url":"https:\/\/etc-guarantee.com\/","logo":{"@type":"ImageObject","inLanguage":"en-US","@id":"https:\/\/etc-guarantee.com\/#\/schema\/logo\/image\/","url":"https:\/\/etc-guarantee.com\/wp-content\/uploads\/2023\/05\/avatar-300x300-1.jpg","contentUrl":"https:\/\/etc-guarantee.com\/wp-content\/uploads\/2023\/05\/avatar-300x300-1.jpg","width":300,"height":300,"caption":"ETC - Export Trading & Cooperation"},"image":{"@id":"https:\/\/etc-guarantee.com\/#\/schema\/logo\/image\/"},"sameAs":["https:\/\/it.linkedin.com\/company\/etcinvest","https:\/\/www.youtube.com\/channel\/UCuauiXDlV8tSNQ5_9Q514hw"]}]}},"_links":{"self":[{"href":"https:\/\/etc-guarantee.com\/index.php\/wp-json\/wp\/v2\/pages\/5680","targetHints":{"allow":["GET"]}}],"collection":[{"href":"https:\/\/etc-guarantee.com\/index.php\/wp-json\/wp\/v2\/pages"}],"about":[{"href":"https:\/\/etc-guarantee.com\/index.php\/wp-json\/wp\/v2\/types\/page"}],"author":[{"embeddable":true,"href":"https:\/\/etc-guarantee.com\/index.php\/wp-json\/wp\/v2\/users\/1"}],"replies":[{"embeddable":true,"href":"https:\/\/etc-guarantee.com\/index.php\/wp-json\/wp\/v2\/comments?post=5680"}],"version-history":[{"count":2,"href":"https:\/\/etc-guarantee.com\/index.php\/wp-json\/wp\/v2\/pages\/5680\/revisions"}],"predecessor-version":[{"id":5682,"href":"https:\/\/etc-guarantee.com\/index.php\/wp-json\/wp\/v2\/pages\/5680\/revisions\/5682"}],"wp:attachment":[{"href":"https:\/\/etc-guarantee.com\/index.php\/wp-json\/wp\/v2\/media?parent=5680"}],"curies":[{"name":"wp","href":"https:\/\/api.w.org\/{rel}","templated":true}]}}