{"id":10306,"date":"2024-08-22T15:47:08","date_gmt":"2024-08-22T13:47:08","guid":{"rendered":"https:\/\/etc-guarantee.com\/index.php\/lettre-de-credit-export-ou-confirmation-de-l-c-lce\/"},"modified":"2024-08-24T13:18:33","modified_gmt":"2024-08-24T11:18:33","slug":"lettre-de-credit-import-ou-confirmation-de-l-c-lce","status":"publish","type":"page","link":"https:\/\/etc-guarantee.com\/index.php\/fr\/lettre-de-credit-import-ou-confirmation-de-l-c-lce\/","title":{"rendered":"Lettre de Cr\u00e9dit Import"},"content":{"rendered":"","protected":false},"excerpt":{"rendered":"","protected":false},"author":1,"featured_media":10364,"parent":0,"menu_order":0,"comment_status":"closed","ping_status":"closed","template":"","meta":{"content-type":"","footnotes":""},"class_list":["post-10306","page","type-page","status-publish","has-post-thumbnail","hentry"],"yoast_head":"<!-- This site is optimized with the Yoast SEO Premium plugin v27.4 (Yoast SEO v27.4) - https:\/\/yoast.com\/product\/yoast-seo-premium-wordpress\/ -->\n<title>Lettre de Cr\u00e9dit Import - ETC Guarantee<\/title>\n<meta name=\"description\" content=\"La Lettre de Cr\u00e9dit Import d&#039;ETC est une solution de financement con\u00e7ue pour s\u00e9curiser et faciliter les transactions commerciales des...\" \/>\n<meta name=\"robots\" content=\"index, follow, max-snippet:-1, max-image-preview:large, max-video-preview:-1\" \/>\n<link rel=\"canonical\" href=\"https:\/\/etc-guarantee.com\/index.php\/fr\/lettre-de-credit-import-ou-confirmation-de-l-c-lce\/\" \/>\n<meta property=\"og:locale\" content=\"en_US\" \/>\n<meta property=\"og:type\" content=\"article\" \/>\n<meta property=\"og:title\" content=\"Lettre de Cr\u00e9dit Import\" \/>\n<meta property=\"og:description\" content=\"La Lettre de Cr\u00e9dit Import d&#039;ETC est une solution de financement con\u00e7ue pour s\u00e9curiser et faciliter les transactions commerciales des Importateurs africains. Cette prestation garantit l\u2019Importateur que ne paiera la marchandise que lorsque la firme fournisseuse aura prouv\u00e9 que celle-ci a bien \u00e9t\u00e9 envoy\u00e9e.\" \/>\n<meta property=\"og:url\" content=\"https:\/\/etc-guarantee.com\/index.php\/fr\/lettre-de-credit-import-ou-confirmation-de-l-c-lce\/\" \/>\n<meta property=\"og:site_name\" content=\"ETC Guarantee\" \/>\n<meta property=\"article:modified_time\" content=\"2024-08-24T11:18:33+00:00\" \/>\n<meta property=\"og:image\" content=\"https:\/\/etc-guarantee.com\/wp-content\/uploads\/2024\/08\/Import-Letter-of-Credit-1024x683.png\" \/>\n\t<meta property=\"og:image:width\" content=\"1024\" \/>\n\t<meta property=\"og:image:height\" content=\"683\" \/>\n\t<meta property=\"og:image:type\" content=\"image\/png\" \/>\n<meta name=\"twitter:card\" content=\"summary_large_image\" \/>\n<meta name=\"twitter:title\" content=\"Lettre de Cr\u00e9dit Import\" \/>\n<meta name=\"twitter:description\" content=\"La Lettre de Cr\u00e9dit Import d&#039;ETC est une solution de financement con\u00e7ue pour s\u00e9curiser et faciliter les transactions commerciales des Importateurs africains. Cette prestation garantit l\u2019Importateur que ne paiera la marchandise que lorsque la firme fournisseuse aura prouv\u00e9 que celle-ci a bien \u00e9t\u00e9 envoy\u00e9e.\" \/>\n<meta name=\"twitter:image\" content=\"https:\/\/etc-guarantee.com\/wp-content\/uploads\/2024\/08\/Import-Letter-of-Credit.png\" \/>\n<meta name=\"twitter:label1\" content=\"Est. reading time\" \/>\n\t<meta name=\"twitter:data1\" content=\"5 minutes\" \/>\n<script type=\"application\/ld+json\" class=\"yoast-schema-graph\">{\"@context\":\"https:\\\/\\\/schema.org\",\"@graph\":[{\"@type\":\"WebPage\",\"@id\":\"https:\\\/\\\/etc-guarantee.com\\\/index.php\\\/fr\\\/lettre-de-credit-import-ou-confirmation-de-l-c-lce\\\/\",\"url\":\"https:\\\/\\\/etc-guarantee.com\\\/index.php\\\/fr\\\/lettre-de-credit-import-ou-confirmation-de-l-c-lce\\\/\",\"name\":\"Lettre de Cr\u00e9dit Import - ETC Guarantee\",\"isPartOf\":{\"@id\":\"https:\\\/\\\/etc-guarantee.com\\\/#website\"},\"primaryImageOfPage\":{\"@id\":\"https:\\\/\\\/etc-guarantee.com\\\/index.php\\\/fr\\\/lettre-de-credit-import-ou-confirmation-de-l-c-lce\\\/#primaryimage\"},\"image\":{\"@id\":\"https:\\\/\\\/etc-guarantee.com\\\/index.php\\\/fr\\\/lettre-de-credit-import-ou-confirmation-de-l-c-lce\\\/#primaryimage\"},\"thumbnailUrl\":\"https:\\\/\\\/etc-guarantee.com\\\/wp-content\\\/uploads\\\/2024\\\/08\\\/Import-Letter-of-Credit-1.png\",\"datePublished\":\"2024-08-22T13:47:08+00:00\",\"dateModified\":\"2024-08-24T11:18:33+00:00\",\"description\":\"La Lettre de Cr\u00e9dit Import d'ETC est une solution de financement con\u00e7ue pour s\u00e9curiser et faciliter les transactions commerciales des...\",\"breadcrumb\":{\"@id\":\"https:\\\/\\\/etc-guarantee.com\\\/index.php\\\/fr\\\/lettre-de-credit-import-ou-confirmation-de-l-c-lce\\\/#breadcrumb\"},\"inLanguage\":\"en-US\",\"potentialAction\":[{\"@type\":\"ReadAction\",\"target\":[\"https:\\\/\\\/etc-guarantee.com\\\/index.php\\\/fr\\\/lettre-de-credit-import-ou-confirmation-de-l-c-lce\\\/\"]}]},{\"@type\":\"ImageObject\",\"inLanguage\":\"en-US\",\"@id\":\"https:\\\/\\\/etc-guarantee.com\\\/index.php\\\/fr\\\/lettre-de-credit-import-ou-confirmation-de-l-c-lce\\\/#primaryimage\",\"url\":\"https:\\\/\\\/etc-guarantee.com\\\/wp-content\\\/uploads\\\/2024\\\/08\\\/Import-Letter-of-Credit-1.png\",\"contentUrl\":\"https:\\\/\\\/etc-guarantee.com\\\/wp-content\\\/uploads\\\/2024\\\/08\\\/Import-Letter-of-Credit-1.png\",\"width\":1280,\"height\":771},{\"@type\":\"BreadcrumbList\",\"@id\":\"https:\\\/\\\/etc-guarantee.com\\\/index.php\\\/fr\\\/lettre-de-credit-import-ou-confirmation-de-l-c-lce\\\/#breadcrumb\",\"itemListElement\":[{\"@type\":\"ListItem\",\"position\":1,\"name\":\"Home\",\"item\":\"https:\\\/\\\/etc-guarantee.com\\\/\"},{\"@type\":\"ListItem\",\"position\":2,\"name\":\"Lettre de Cr\u00e9dit Import\"}]},{\"@type\":\"WebSite\",\"@id\":\"https:\\\/\\\/etc-guarantee.com\\\/#website\",\"url\":\"https:\\\/\\\/etc-guarantee.com\\\/\",\"name\":\"ETC Guarantee\",\"description\":\"Guarantee of market, investment and trade in Africa\",\"publisher\":{\"@id\":\"https:\\\/\\\/etc-guarantee.com\\\/#organization\"},\"potentialAction\":[{\"@type\":\"SearchAction\",\"target\":{\"@type\":\"EntryPoint\",\"urlTemplate\":\"https:\\\/\\\/etc-guarantee.com\\\/?s={search_term_string}\"},\"query-input\":{\"@type\":\"PropertyValueSpecification\",\"valueRequired\":true,\"valueName\":\"search_term_string\"}}],\"inLanguage\":\"en-US\"},{\"@type\":\"Organization\",\"@id\":\"https:\\\/\\\/etc-guarantee.com\\\/#organization\",\"name\":\"ETC - Export Trading & Cooperation\",\"url\":\"https:\\\/\\\/etc-guarantee.com\\\/\",\"logo\":{\"@type\":\"ImageObject\",\"inLanguage\":\"en-US\",\"@id\":\"https:\\\/\\\/etc-guarantee.com\\\/#\\\/schema\\\/logo\\\/image\\\/\",\"url\":\"https:\\\/\\\/etc-guarantee.com\\\/wp-content\\\/uploads\\\/2023\\\/05\\\/avatar-300x300-1.jpg\",\"contentUrl\":\"https:\\\/\\\/etc-guarantee.com\\\/wp-content\\\/uploads\\\/2023\\\/05\\\/avatar-300x300-1.jpg\",\"width\":300,\"height\":300,\"caption\":\"ETC - Export Trading & Cooperation\"},\"image\":{\"@id\":\"https:\\\/\\\/etc-guarantee.com\\\/#\\\/schema\\\/logo\\\/image\\\/\"},\"sameAs\":[\"https:\\\/\\\/it.linkedin.com\\\/company\\\/etcinvest\",\"https:\\\/\\\/www.youtube.com\\\/channel\\\/UCuauiXDlV8tSNQ5_9Q514hw\"]}]}<\/script>\n<!-- \/ Yoast SEO Premium plugin. -->","yoast_head_json":{"title":"Lettre de Cr\u00e9dit Import - ETC Guarantee","description":"La Lettre de Cr\u00e9dit Import d'ETC est une solution de financement con\u00e7ue pour s\u00e9curiser et faciliter les transactions commerciales des...","robots":{"index":"index","follow":"follow","max-snippet":"max-snippet:-1","max-image-preview":"max-image-preview:large","max-video-preview":"max-video-preview:-1"},"canonical":"https:\/\/etc-guarantee.com\/index.php\/fr\/lettre-de-credit-import-ou-confirmation-de-l-c-lce\/","og_locale":"en_US","og_type":"article","og_title":"Lettre de Cr\u00e9dit Import","og_description":"La Lettre de Cr\u00e9dit Import d'ETC est une solution de financement con\u00e7ue pour s\u00e9curiser et faciliter les transactions commerciales des Importateurs africains. Cette prestation garantit l\u2019Importateur que ne paiera la marchandise que lorsque la firme fournisseuse aura prouv\u00e9 que celle-ci a bien \u00e9t\u00e9 envoy\u00e9e.","og_url":"https:\/\/etc-guarantee.com\/index.php\/fr\/lettre-de-credit-import-ou-confirmation-de-l-c-lce\/","og_site_name":"ETC Guarantee","article_modified_time":"2024-08-24T11:18:33+00:00","og_image":[{"width":1024,"height":683,"url":"https:\/\/etc-guarantee.com\/wp-content\/uploads\/2024\/08\/Import-Letter-of-Credit-1024x683.png","type":"image\/png"}],"twitter_card":"summary_large_image","twitter_title":"Lettre de Cr\u00e9dit Import","twitter_description":"La Lettre de Cr\u00e9dit Import d'ETC est une solution de financement con\u00e7ue pour s\u00e9curiser et faciliter les transactions commerciales des Importateurs africains. Cette prestation garantit l\u2019Importateur que ne paiera la marchandise que lorsque la firme fournisseuse aura prouv\u00e9 que celle-ci a bien \u00e9t\u00e9 envoy\u00e9e.","twitter_image":"https:\/\/etc-guarantee.com\/wp-content\/uploads\/2024\/08\/Import-Letter-of-Credit.png","twitter_misc":{"Est. reading time":"5 minutes"},"schema":{"@context":"https:\/\/schema.org","@graph":[{"@type":"WebPage","@id":"https:\/\/etc-guarantee.com\/index.php\/fr\/lettre-de-credit-import-ou-confirmation-de-l-c-lce\/","url":"https:\/\/etc-guarantee.com\/index.php\/fr\/lettre-de-credit-import-ou-confirmation-de-l-c-lce\/","name":"Lettre de Cr\u00e9dit Import - ETC Guarantee","isPartOf":{"@id":"https:\/\/etc-guarantee.com\/#website"},"primaryImageOfPage":{"@id":"https:\/\/etc-guarantee.com\/index.php\/fr\/lettre-de-credit-import-ou-confirmation-de-l-c-lce\/#primaryimage"},"image":{"@id":"https:\/\/etc-guarantee.com\/index.php\/fr\/lettre-de-credit-import-ou-confirmation-de-l-c-lce\/#primaryimage"},"thumbnailUrl":"https:\/\/etc-guarantee.com\/wp-content\/uploads\/2024\/08\/Import-Letter-of-Credit-1.png","datePublished":"2024-08-22T13:47:08+00:00","dateModified":"2024-08-24T11:18:33+00:00","description":"La Lettre de Cr\u00e9dit Import d'ETC est une solution de financement con\u00e7ue pour s\u00e9curiser et faciliter les transactions commerciales des...","breadcrumb":{"@id":"https:\/\/etc-guarantee.com\/index.php\/fr\/lettre-de-credit-import-ou-confirmation-de-l-c-lce\/#breadcrumb"},"inLanguage":"en-US","potentialAction":[{"@type":"ReadAction","target":["https:\/\/etc-guarantee.com\/index.php\/fr\/lettre-de-credit-import-ou-confirmation-de-l-c-lce\/"]}]},{"@type":"ImageObject","inLanguage":"en-US","@id":"https:\/\/etc-guarantee.com\/index.php\/fr\/lettre-de-credit-import-ou-confirmation-de-l-c-lce\/#primaryimage","url":"https:\/\/etc-guarantee.com\/wp-content\/uploads\/2024\/08\/Import-Letter-of-Credit-1.png","contentUrl":"https:\/\/etc-guarantee.com\/wp-content\/uploads\/2024\/08\/Import-Letter-of-Credit-1.png","width":1280,"height":771},{"@type":"BreadcrumbList","@id":"https:\/\/etc-guarantee.com\/index.php\/fr\/lettre-de-credit-import-ou-confirmation-de-l-c-lce\/#breadcrumb","itemListElement":[{"@type":"ListItem","position":1,"name":"Home","item":"https:\/\/etc-guarantee.com\/"},{"@type":"ListItem","position":2,"name":"Lettre de Cr\u00e9dit Import"}]},{"@type":"WebSite","@id":"https:\/\/etc-guarantee.com\/#website","url":"https:\/\/etc-guarantee.com\/","name":"ETC Guarantee","description":"Guarantee of market, investment and trade in Africa","publisher":{"@id":"https:\/\/etc-guarantee.com\/#organization"},"potentialAction":[{"@type":"SearchAction","target":{"@type":"EntryPoint","urlTemplate":"https:\/\/etc-guarantee.com\/?s={search_term_string}"},"query-input":{"@type":"PropertyValueSpecification","valueRequired":true,"valueName":"search_term_string"}}],"inLanguage":"en-US"},{"@type":"Organization","@id":"https:\/\/etc-guarantee.com\/#organization","name":"ETC - Export Trading & Cooperation","url":"https:\/\/etc-guarantee.com\/","logo":{"@type":"ImageObject","inLanguage":"en-US","@id":"https:\/\/etc-guarantee.com\/#\/schema\/logo\/image\/","url":"https:\/\/etc-guarantee.com\/wp-content\/uploads\/2023\/05\/avatar-300x300-1.jpg","contentUrl":"https:\/\/etc-guarantee.com\/wp-content\/uploads\/2023\/05\/avatar-300x300-1.jpg","width":300,"height":300,"caption":"ETC - Export Trading & Cooperation"},"image":{"@id":"https:\/\/etc-guarantee.com\/#\/schema\/logo\/image\/"},"sameAs":["https:\/\/it.linkedin.com\/company\/etcinvest","https:\/\/www.youtube.com\/channel\/UCuauiXDlV8tSNQ5_9Q514hw"]}]}},"_links":{"self":[{"href":"https:\/\/etc-guarantee.com\/index.php\/wp-json\/wp\/v2\/pages\/10306","targetHints":{"allow":["GET"]}}],"collection":[{"href":"https:\/\/etc-guarantee.com\/index.php\/wp-json\/wp\/v2\/pages"}],"about":[{"href":"https:\/\/etc-guarantee.com\/index.php\/wp-json\/wp\/v2\/types\/page"}],"author":[{"embeddable":true,"href":"https:\/\/etc-guarantee.com\/index.php\/wp-json\/wp\/v2\/users\/1"}],"replies":[{"embeddable":true,"href":"https:\/\/etc-guarantee.com\/index.php\/wp-json\/wp\/v2\/comments?post=10306"}],"version-history":[{"count":5,"href":"https:\/\/etc-guarantee.com\/index.php\/wp-json\/wp\/v2\/pages\/10306\/revisions"}],"predecessor-version":[{"id":10384,"href":"https:\/\/etc-guarantee.com\/index.php\/wp-json\/wp\/v2\/pages\/10306\/revisions\/10384"}],"wp:featuredmedia":[{"embeddable":true,"href":"https:\/\/etc-guarantee.com\/index.php\/wp-json\/wp\/v2\/media\/10364"}],"wp:attachment":[{"href":"https:\/\/etc-guarantee.com\/index.php\/wp-json\/wp\/v2\/media?parent=10306"}],"curies":[{"name":"wp","href":"https:\/\/api.w.org\/{rel}","templated":true}]}}