{"id":10256,"date":"2024-08-21T11:18:54","date_gmt":"2024-08-21T09:18:54","guid":{"rendered":"https:\/\/etc-guarantee.com\/index.php\/at1-fund-raising-bond-at1fb\/"},"modified":"2026-02-18T16:05:46","modified_gmt":"2026-02-18T15:05:46","slug":"garantie-de-levee-de-fonds","status":"publish","type":"page","link":"https:\/\/etc-guarantee.com\/index.php\/fr\/garantie-de-levee-de-fonds\/","title":{"rendered":"Fund Raising Bond (FRB) &#8211; Garantie de Lev\u00e9e de Fonds"},"content":{"rendered":"","protected":false},"excerpt":{"rendered":"","protected":false},"author":1,"featured_media":10371,"parent":0,"menu_order":0,"comment_status":"closed","ping_status":"closed","template":"","meta":{"content-type":"","footnotes":""},"class_list":["post-10256","page","type-page","status-publish","has-post-thumbnail","hentry"],"yoast_head":"<!-- This site is optimized with the Yoast SEO Premium plugin v27.3 (Yoast SEO v27.3) - https:\/\/yoast.com\/product\/yoast-seo-premium-wordpress\/ -->\n<title>Fund Raising Bond (FRB) - Garantie de Lev\u00e9e de Fonds - ETC Guarantee<\/title>\n<meta name=\"description\" content=\"La Garantie de Lev\u00e9e de Fonds - Fund Raising Bond d&#039;ETC est une solution exclusive r\u00e9serv\u00e9e aux banques africaines d\u00e9sireuses\" \/>\n<meta name=\"robots\" content=\"index, follow, max-snippet:-1, max-image-preview:large, max-video-preview:-1\" \/>\n<link rel=\"canonical\" href=\"https:\/\/etc-guarantee.com\/index.php\/fr\/garantie-de-levee-de-fonds\/\" \/>\n<meta property=\"og:locale\" content=\"en_US\" \/>\n<meta property=\"og:type\" content=\"article\" \/>\n<meta property=\"og:title\" content=\"AT1 Fund Raising Bond (AT1FB) - Garantie de Lev\u00e9e de Fonds\" \/>\n<meta property=\"og:description\" content=\"La Garantie de Lev\u00e9e de Fonds AT1 - AT1 Fund Raising Bond d&#039;ETC est une solution exclusive r\u00e9serv\u00e9e aux banques africaines d\u00e9sireuses de lever des fonds sur les march\u00e9s pour renforcer leurs fonds propres et\/ou leur liquidit\u00e9 \u00e0 travers l&#039;\u00e9mission d&#039; instruments AT1 (Additional Tier 1) permettent de renforcer la r\u00e9serve de capital des banques, ce qui les aide \u00e0 mieux r\u00e9sister aux chocs financiers.\" \/>\n<meta property=\"og:url\" content=\"https:\/\/etc-guarantee.com\/index.php\/fr\/garantie-de-levee-de-fonds\/\" \/>\n<meta property=\"og:site_name\" content=\"ETC Guarantee\" \/>\n<meta property=\"article:modified_time\" content=\"2026-02-18T15:05:46+00:00\" \/>\n<meta property=\"og:image\" content=\"https:\/\/etc-guarantee.com\/wp-content\/uploads\/2024\/08\/AT1-Fund-Raising-Bond-AT1FB-1024x683.png\" \/>\n\t<meta property=\"og:image:width\" content=\"1024\" \/>\n\t<meta property=\"og:image:height\" content=\"683\" \/>\n\t<meta property=\"og:image:type\" content=\"image\/png\" \/>\n<meta name=\"twitter:card\" content=\"summary_large_image\" \/>\n<meta name=\"twitter:title\" content=\"AT1 Fund Raising Bond (AT1FB) - Garantie de Lev\u00e9e de Fonds\" \/>\n<meta name=\"twitter:description\" content=\"La Garantie de Lev\u00e9e de Fonds AT1 - AT1 Fund Raising Bond d&#039;ETC est une solution exclusive r\u00e9serv\u00e9e aux banques africaines d\u00e9sireuses de lever des fonds sur les march\u00e9s pour renforcer leurs fonds propres et\/ou leur liquidit\u00e9 \u00e0 travers l&#039;\u00e9mission d&#039; instruments AT1 (Additional Tier 1) permettent de renforcer la r\u00e9serve de capital des banques, ce qui les aide \u00e0 mieux r\u00e9sister aux chocs financiers.\" \/>\n<meta name=\"twitter:image\" content=\"https:\/\/etc-guarantee.com\/wp-content\/uploads\/2024\/08\/AT1-Fund-Raising-Bond-AT1FB.png\" \/>\n<meta name=\"twitter:label1\" content=\"Est. reading time\" \/>\n\t<meta name=\"twitter:data1\" content=\"5 minutes\" \/>\n<script type=\"application\/ld+json\" class=\"yoast-schema-graph\">{\"@context\":\"https:\\\/\\\/schema.org\",\"@graph\":[{\"@type\":\"WebPage\",\"@id\":\"https:\\\/\\\/etc-guarantee.com\\\/index.php\\\/fr\\\/garantie-de-levee-de-fonds\\\/\",\"url\":\"https:\\\/\\\/etc-guarantee.com\\\/index.php\\\/fr\\\/garantie-de-levee-de-fonds\\\/\",\"name\":\"Fund Raising Bond (FRB) - Garantie de Lev\u00e9e de Fonds - ETC Guarantee\",\"isPartOf\":{\"@id\":\"https:\\\/\\\/etc-guarantee.com\\\/#website\"},\"primaryImageOfPage\":{\"@id\":\"https:\\\/\\\/etc-guarantee.com\\\/index.php\\\/fr\\\/garantie-de-levee-de-fonds\\\/#primaryimage\"},\"image\":{\"@id\":\"https:\\\/\\\/etc-guarantee.com\\\/index.php\\\/fr\\\/garantie-de-levee-de-fonds\\\/#primaryimage\"},\"thumbnailUrl\":\"https:\\\/\\\/etc-guarantee.com\\\/wp-content\\\/uploads\\\/2024\\\/08\\\/AT1-Fund-Raising-Bond-AT1FB-1.png\",\"datePublished\":\"2024-08-21T09:18:54+00:00\",\"dateModified\":\"2026-02-18T15:05:46+00:00\",\"description\":\"La Garantie de Lev\u00e9e de Fonds - Fund Raising Bond d'ETC est une solution exclusive r\u00e9serv\u00e9e aux banques africaines d\u00e9sireuses\",\"breadcrumb\":{\"@id\":\"https:\\\/\\\/etc-guarantee.com\\\/index.php\\\/fr\\\/garantie-de-levee-de-fonds\\\/#breadcrumb\"},\"inLanguage\":\"en-US\",\"potentialAction\":[{\"@type\":\"ReadAction\",\"target\":[\"https:\\\/\\\/etc-guarantee.com\\\/index.php\\\/fr\\\/garantie-de-levee-de-fonds\\\/\"]}]},{\"@type\":\"ImageObject\",\"inLanguage\":\"en-US\",\"@id\":\"https:\\\/\\\/etc-guarantee.com\\\/index.php\\\/fr\\\/garantie-de-levee-de-fonds\\\/#primaryimage\",\"url\":\"https:\\\/\\\/etc-guarantee.com\\\/wp-content\\\/uploads\\\/2024\\\/08\\\/AT1-Fund-Raising-Bond-AT1FB-1.png\",\"contentUrl\":\"https:\\\/\\\/etc-guarantee.com\\\/wp-content\\\/uploads\\\/2024\\\/08\\\/AT1-Fund-Raising-Bond-AT1FB-1.png\",\"width\":1280,\"height\":771},{\"@type\":\"BreadcrumbList\",\"@id\":\"https:\\\/\\\/etc-guarantee.com\\\/index.php\\\/fr\\\/garantie-de-levee-de-fonds\\\/#breadcrumb\",\"itemListElement\":[{\"@type\":\"ListItem\",\"position\":1,\"name\":\"Home\",\"item\":\"https:\\\/\\\/etc-guarantee.com\\\/\"},{\"@type\":\"ListItem\",\"position\":2,\"name\":\"Fund Raising Bond (FRB) &#8211; Garantie de Lev\u00e9e de Fonds\"}]},{\"@type\":\"WebSite\",\"@id\":\"https:\\\/\\\/etc-guarantee.com\\\/#website\",\"url\":\"https:\\\/\\\/etc-guarantee.com\\\/\",\"name\":\"ETC Guarantee\",\"description\":\"Guarantee of market, investment and trade in Africa\",\"publisher\":{\"@id\":\"https:\\\/\\\/etc-guarantee.com\\\/#organization\"},\"potentialAction\":[{\"@type\":\"SearchAction\",\"target\":{\"@type\":\"EntryPoint\",\"urlTemplate\":\"https:\\\/\\\/etc-guarantee.com\\\/?s={search_term_string}\"},\"query-input\":{\"@type\":\"PropertyValueSpecification\",\"valueRequired\":true,\"valueName\":\"search_term_string\"}}],\"inLanguage\":\"en-US\"},{\"@type\":\"Organization\",\"@id\":\"https:\\\/\\\/etc-guarantee.com\\\/#organization\",\"name\":\"ETC - Export Trading & Cooperation\",\"url\":\"https:\\\/\\\/etc-guarantee.com\\\/\",\"logo\":{\"@type\":\"ImageObject\",\"inLanguage\":\"en-US\",\"@id\":\"https:\\\/\\\/etc-guarantee.com\\\/#\\\/schema\\\/logo\\\/image\\\/\",\"url\":\"https:\\\/\\\/etc-guarantee.com\\\/wp-content\\\/uploads\\\/2023\\\/05\\\/avatar-300x300-1.jpg\",\"contentUrl\":\"https:\\\/\\\/etc-guarantee.com\\\/wp-content\\\/uploads\\\/2023\\\/05\\\/avatar-300x300-1.jpg\",\"width\":300,\"height\":300,\"caption\":\"ETC - Export Trading & Cooperation\"},\"image\":{\"@id\":\"https:\\\/\\\/etc-guarantee.com\\\/#\\\/schema\\\/logo\\\/image\\\/\"},\"sameAs\":[\"https:\\\/\\\/it.linkedin.com\\\/company\\\/etcinvest\",\"https:\\\/\\\/www.youtube.com\\\/channel\\\/UCuauiXDlV8tSNQ5_9Q514hw\"]}]}<\/script>\n<!-- \/ Yoast SEO Premium plugin. -->","yoast_head_json":{"title":"Fund Raising Bond (FRB) - Garantie de Lev\u00e9e de Fonds - ETC Guarantee","description":"La Garantie de Lev\u00e9e de Fonds - Fund Raising Bond d'ETC est une solution exclusive r\u00e9serv\u00e9e aux banques africaines d\u00e9sireuses","robots":{"index":"index","follow":"follow","max-snippet":"max-snippet:-1","max-image-preview":"max-image-preview:large","max-video-preview":"max-video-preview:-1"},"canonical":"https:\/\/etc-guarantee.com\/index.php\/fr\/garantie-de-levee-de-fonds\/","og_locale":"en_US","og_type":"article","og_title":"AT1 Fund Raising Bond (AT1FB) - Garantie de Lev\u00e9e de Fonds","og_description":"La Garantie de Lev\u00e9e de Fonds AT1 - AT1 Fund Raising Bond d'ETC est une solution exclusive r\u00e9serv\u00e9e aux banques africaines d\u00e9sireuses de lever des fonds sur les march\u00e9s pour renforcer leurs fonds propres et\/ou leur liquidit\u00e9 \u00e0 travers l'\u00e9mission d' instruments AT1 (Additional Tier 1) permettent de renforcer la r\u00e9serve de capital des banques, ce qui les aide \u00e0 mieux r\u00e9sister aux chocs financiers.","og_url":"https:\/\/etc-guarantee.com\/index.php\/fr\/garantie-de-levee-de-fonds\/","og_site_name":"ETC Guarantee","article_modified_time":"2026-02-18T15:05:46+00:00","og_image":[{"width":1024,"height":683,"url":"https:\/\/etc-guarantee.com\/wp-content\/uploads\/2024\/08\/AT1-Fund-Raising-Bond-AT1FB-1024x683.png","type":"image\/png"}],"twitter_card":"summary_large_image","twitter_title":"AT1 Fund Raising Bond (AT1FB) - Garantie de Lev\u00e9e de Fonds","twitter_description":"La Garantie de Lev\u00e9e de Fonds AT1 - AT1 Fund Raising Bond d'ETC est une solution exclusive r\u00e9serv\u00e9e aux banques africaines d\u00e9sireuses de lever des fonds sur les march\u00e9s pour renforcer leurs fonds propres et\/ou leur liquidit\u00e9 \u00e0 travers l'\u00e9mission d' instruments AT1 (Additional Tier 1) permettent de renforcer la r\u00e9serve de capital des banques, ce qui les aide \u00e0 mieux r\u00e9sister aux chocs financiers.","twitter_image":"https:\/\/etc-guarantee.com\/wp-content\/uploads\/2024\/08\/AT1-Fund-Raising-Bond-AT1FB.png","twitter_misc":{"Est. reading time":"5 minutes"},"schema":{"@context":"https:\/\/schema.org","@graph":[{"@type":"WebPage","@id":"https:\/\/etc-guarantee.com\/index.php\/fr\/garantie-de-levee-de-fonds\/","url":"https:\/\/etc-guarantee.com\/index.php\/fr\/garantie-de-levee-de-fonds\/","name":"Fund Raising Bond (FRB) - Garantie de Lev\u00e9e de Fonds - ETC Guarantee","isPartOf":{"@id":"https:\/\/etc-guarantee.com\/#website"},"primaryImageOfPage":{"@id":"https:\/\/etc-guarantee.com\/index.php\/fr\/garantie-de-levee-de-fonds\/#primaryimage"},"image":{"@id":"https:\/\/etc-guarantee.com\/index.php\/fr\/garantie-de-levee-de-fonds\/#primaryimage"},"thumbnailUrl":"https:\/\/etc-guarantee.com\/wp-content\/uploads\/2024\/08\/AT1-Fund-Raising-Bond-AT1FB-1.png","datePublished":"2024-08-21T09:18:54+00:00","dateModified":"2026-02-18T15:05:46+00:00","description":"La Garantie de Lev\u00e9e de Fonds - Fund Raising Bond d'ETC est une solution exclusive r\u00e9serv\u00e9e aux banques africaines d\u00e9sireuses","breadcrumb":{"@id":"https:\/\/etc-guarantee.com\/index.php\/fr\/garantie-de-levee-de-fonds\/#breadcrumb"},"inLanguage":"en-US","potentialAction":[{"@type":"ReadAction","target":["https:\/\/etc-guarantee.com\/index.php\/fr\/garantie-de-levee-de-fonds\/"]}]},{"@type":"ImageObject","inLanguage":"en-US","@id":"https:\/\/etc-guarantee.com\/index.php\/fr\/garantie-de-levee-de-fonds\/#primaryimage","url":"https:\/\/etc-guarantee.com\/wp-content\/uploads\/2024\/08\/AT1-Fund-Raising-Bond-AT1FB-1.png","contentUrl":"https:\/\/etc-guarantee.com\/wp-content\/uploads\/2024\/08\/AT1-Fund-Raising-Bond-AT1FB-1.png","width":1280,"height":771},{"@type":"BreadcrumbList","@id":"https:\/\/etc-guarantee.com\/index.php\/fr\/garantie-de-levee-de-fonds\/#breadcrumb","itemListElement":[{"@type":"ListItem","position":1,"name":"Home","item":"https:\/\/etc-guarantee.com\/"},{"@type":"ListItem","position":2,"name":"Fund Raising Bond (FRB) &#8211; Garantie de Lev\u00e9e de Fonds"}]},{"@type":"WebSite","@id":"https:\/\/etc-guarantee.com\/#website","url":"https:\/\/etc-guarantee.com\/","name":"ETC Guarantee","description":"Guarantee of market, investment and trade in Africa","publisher":{"@id":"https:\/\/etc-guarantee.com\/#organization"},"potentialAction":[{"@type":"SearchAction","target":{"@type":"EntryPoint","urlTemplate":"https:\/\/etc-guarantee.com\/?s={search_term_string}"},"query-input":{"@type":"PropertyValueSpecification","valueRequired":true,"valueName":"search_term_string"}}],"inLanguage":"en-US"},{"@type":"Organization","@id":"https:\/\/etc-guarantee.com\/#organization","name":"ETC - Export Trading & Cooperation","url":"https:\/\/etc-guarantee.com\/","logo":{"@type":"ImageObject","inLanguage":"en-US","@id":"https:\/\/etc-guarantee.com\/#\/schema\/logo\/image\/","url":"https:\/\/etc-guarantee.com\/wp-content\/uploads\/2023\/05\/avatar-300x300-1.jpg","contentUrl":"https:\/\/etc-guarantee.com\/wp-content\/uploads\/2023\/05\/avatar-300x300-1.jpg","width":300,"height":300,"caption":"ETC - Export Trading & Cooperation"},"image":{"@id":"https:\/\/etc-guarantee.com\/#\/schema\/logo\/image\/"},"sameAs":["https:\/\/it.linkedin.com\/company\/etcinvest","https:\/\/www.youtube.com\/channel\/UCuauiXDlV8tSNQ5_9Q514hw"]}]}},"_links":{"self":[{"href":"https:\/\/etc-guarantee.com\/index.php\/wp-json\/wp\/v2\/pages\/10256","targetHints":{"allow":["GET"]}}],"collection":[{"href":"https:\/\/etc-guarantee.com\/index.php\/wp-json\/wp\/v2\/pages"}],"about":[{"href":"https:\/\/etc-guarantee.com\/index.php\/wp-json\/wp\/v2\/types\/page"}],"author":[{"embeddable":true,"href":"https:\/\/etc-guarantee.com\/index.php\/wp-json\/wp\/v2\/users\/1"}],"replies":[{"embeddable":true,"href":"https:\/\/etc-guarantee.com\/index.php\/wp-json\/wp\/v2\/comments?post=10256"}],"version-history":[{"count":4,"href":"https:\/\/etc-guarantee.com\/index.php\/wp-json\/wp\/v2\/pages\/10256\/revisions"}],"predecessor-version":[{"id":10925,"href":"https:\/\/etc-guarantee.com\/index.php\/wp-json\/wp\/v2\/pages\/10256\/revisions\/10925"}],"wp:featuredmedia":[{"embeddable":true,"href":"https:\/\/etc-guarantee.com\/index.php\/wp-json\/wp\/v2\/media\/10371"}],"wp:attachment":[{"href":"https:\/\/etc-guarantee.com\/index.php\/wp-json\/wp\/v2\/media?parent=10256"}],"curies":[{"name":"wp","href":"https:\/\/api.w.org\/{rel}","templated":true}]}}