{"id":10105,"date":"2024-07-19T18:12:25","date_gmt":"2024-07-19T16:12:25","guid":{"rendered":"https:\/\/etc-guarantee.com\/index.php\/master-risk-participation-agreement-mrpa-2\/"},"modified":"2024-08-24T13:13:18","modified_gmt":"2024-08-24T11:13:18","slug":"sblc-garantie-de-paiement-a-l-international","status":"publish","type":"page","link":"https:\/\/etc-guarantee.com\/index.php\/fr\/sblc-garantie-de-paiement-a-l-international\/","title":{"rendered":"SBLC Garantie de paiement \u00e0 l&#8217;international"},"content":{"rendered":"","protected":false},"excerpt":{"rendered":"","protected":false},"author":1,"featured_media":10099,"parent":0,"menu_order":0,"comment_status":"closed","ping_status":"closed","template":"","meta":{"content-type":"","footnotes":""},"class_list":["post-10105","page","type-page","status-publish","has-post-thumbnail","hentry"],"yoast_head":"<!-- This site is optimized with the Yoast SEO Premium plugin v27.3 (Yoast SEO v27.3) - https:\/\/yoast.com\/product\/yoast-seo-premium-wordpress\/ -->\n<title>SBLC Garantie de paiement \u00e0 l&#039;international - ETC Guarantee<\/title>\n<meta name=\"description\" content=\"La Garantie de Paiement \u00e0 l&#039;International Standby Letter of Credit (SBLC) d&#039;ETC est une solution de financement con\u00e7ue pour s\u00e9curiser...\" \/>\n<meta name=\"robots\" content=\"index, follow, max-snippet:-1, max-image-preview:large, max-video-preview:-1\" \/>\n<link rel=\"canonical\" href=\"https:\/\/etc-guarantee.com\/index.php\/fr\/sblc-garantie-de-paiement-a-l-international\/\" \/>\n<meta property=\"og:locale\" content=\"en_US\" \/>\n<meta property=\"og:type\" content=\"article\" \/>\n<meta property=\"og:title\" content=\"SBLC Garantie de paiement \u00e0 l&#039;international\" \/>\n<meta property=\"og:description\" content=\"La Garantie de Paiement \u00e0 l&#039;International Standby Letter of Credit (SBLC) d&#039;ETC est une solution de financement con\u00e7ue pour s\u00e9curiser les transactions commerciales internationales pour les banques africaines et leurs clients corporates. Cette prestation offre une garantie de paiement irr\u00e9vocable, assurant ainsi des transactions fiables et s\u00e9curis\u00e9es\" \/>\n<meta property=\"og:url\" content=\"https:\/\/etc-guarantee.com\/index.php\/fr\/sblc-garantie-de-paiement-a-l-international\/\" \/>\n<meta property=\"og:site_name\" content=\"ETC Guarantee\" \/>\n<meta property=\"article:modified_time\" content=\"2024-08-24T11:13:18+00:00\" \/>\n<meta property=\"og:image\" content=\"https:\/\/etc-guarantee.com\/wp-content\/uploads\/2023\/10\/Master-Risk-Participation-Agreement-MRPA.png\" \/>\n\t<meta property=\"og:image:width\" content=\"1280\" \/>\n\t<meta property=\"og:image:height\" content=\"771\" \/>\n\t<meta property=\"og:image:type\" content=\"image\/png\" \/>\n<meta name=\"twitter:card\" content=\"summary_large_image\" \/>\n<meta name=\"twitter:title\" content=\"SBLC Garantie de paiement \u00e0 l&#039;international\" \/>\n<meta name=\"twitter:description\" content=\"La Garantie de Paiement \u00e0 l&#039;International Standby Letter of Credit (SBLC) d&#039;ETC est une solution de financement con\u00e7ue pour s\u00e9curiser les transactions commerciales internationales pour les banques africaines et leurs clients corporates. Cette prestation offre une garantie de paiement irr\u00e9vocable, assurant ainsi des transactions fiables et s\u00e9curis\u00e9es\" \/>\n<meta name=\"twitter:image\" content=\"https:\/\/etc-guarantee.com\/wp-content\/uploads\/2023\/10\/Master-Risk-Participation-Agreement-MRPA.png\" \/>\n<meta name=\"twitter:label1\" content=\"Est. reading time\" \/>\n\t<meta name=\"twitter:data1\" content=\"6 minutes\" \/>\n<script type=\"application\/ld+json\" class=\"yoast-schema-graph\">{\"@context\":\"https:\\\/\\\/schema.org\",\"@graph\":[{\"@type\":\"WebPage\",\"@id\":\"https:\\\/\\\/etc-guarantee.com\\\/index.php\\\/fr\\\/sblc-garantie-de-paiement-a-l-international\\\/\",\"url\":\"https:\\\/\\\/etc-guarantee.com\\\/index.php\\\/fr\\\/sblc-garantie-de-paiement-a-l-international\\\/\",\"name\":\"SBLC Garantie de paiement \u00e0 l'international - ETC Guarantee\",\"isPartOf\":{\"@id\":\"https:\\\/\\\/etc-guarantee.com\\\/#website\"},\"primaryImageOfPage\":{\"@id\":\"https:\\\/\\\/etc-guarantee.com\\\/index.php\\\/fr\\\/sblc-garantie-de-paiement-a-l-international\\\/#primaryimage\"},\"image\":{\"@id\":\"https:\\\/\\\/etc-guarantee.com\\\/index.php\\\/fr\\\/sblc-garantie-de-paiement-a-l-international\\\/#primaryimage\"},\"thumbnailUrl\":\"https:\\\/\\\/etc-guarantee.com\\\/wp-content\\\/uploads\\\/2024\\\/07\\\/SBLC-International-Payment-Guarantee3.png\",\"datePublished\":\"2024-07-19T16:12:25+00:00\",\"dateModified\":\"2024-08-24T11:13:18+00:00\",\"description\":\"La Garantie de Paiement \u00e0 l'International Standby Letter of Credit (SBLC) d'ETC est une solution de financement con\u00e7ue pour s\u00e9curiser...\",\"breadcrumb\":{\"@id\":\"https:\\\/\\\/etc-guarantee.com\\\/index.php\\\/fr\\\/sblc-garantie-de-paiement-a-l-international\\\/#breadcrumb\"},\"inLanguage\":\"en-US\",\"potentialAction\":[{\"@type\":\"ReadAction\",\"target\":[\"https:\\\/\\\/etc-guarantee.com\\\/index.php\\\/fr\\\/sblc-garantie-de-paiement-a-l-international\\\/\"]}]},{\"@type\":\"ImageObject\",\"inLanguage\":\"en-US\",\"@id\":\"https:\\\/\\\/etc-guarantee.com\\\/index.php\\\/fr\\\/sblc-garantie-de-paiement-a-l-international\\\/#primaryimage\",\"url\":\"https:\\\/\\\/etc-guarantee.com\\\/wp-content\\\/uploads\\\/2024\\\/07\\\/SBLC-International-Payment-Guarantee3.png\",\"contentUrl\":\"https:\\\/\\\/etc-guarantee.com\\\/wp-content\\\/uploads\\\/2024\\\/07\\\/SBLC-International-Payment-Guarantee3.png\",\"width\":1280,\"height\":771},{\"@type\":\"BreadcrumbList\",\"@id\":\"https:\\\/\\\/etc-guarantee.com\\\/index.php\\\/fr\\\/sblc-garantie-de-paiement-a-l-international\\\/#breadcrumb\",\"itemListElement\":[{\"@type\":\"ListItem\",\"position\":1,\"name\":\"Home\",\"item\":\"https:\\\/\\\/etc-guarantee.com\\\/\"},{\"@type\":\"ListItem\",\"position\":2,\"name\":\"SBLC Garantie de paiement \u00e0 l&#8217;international\"}]},{\"@type\":\"WebSite\",\"@id\":\"https:\\\/\\\/etc-guarantee.com\\\/#website\",\"url\":\"https:\\\/\\\/etc-guarantee.com\\\/\",\"name\":\"ETC Guarantee\",\"description\":\"Guarantee of market, investment and trade in Africa\",\"publisher\":{\"@id\":\"https:\\\/\\\/etc-guarantee.com\\\/#organization\"},\"potentialAction\":[{\"@type\":\"SearchAction\",\"target\":{\"@type\":\"EntryPoint\",\"urlTemplate\":\"https:\\\/\\\/etc-guarantee.com\\\/?s={search_term_string}\"},\"query-input\":{\"@type\":\"PropertyValueSpecification\",\"valueRequired\":true,\"valueName\":\"search_term_string\"}}],\"inLanguage\":\"en-US\"},{\"@type\":\"Organization\",\"@id\":\"https:\\\/\\\/etc-guarantee.com\\\/#organization\",\"name\":\"ETC - Export Trading & Cooperation\",\"url\":\"https:\\\/\\\/etc-guarantee.com\\\/\",\"logo\":{\"@type\":\"ImageObject\",\"inLanguage\":\"en-US\",\"@id\":\"https:\\\/\\\/etc-guarantee.com\\\/#\\\/schema\\\/logo\\\/image\\\/\",\"url\":\"https:\\\/\\\/etc-guarantee.com\\\/wp-content\\\/uploads\\\/2023\\\/05\\\/avatar-300x300-1.jpg\",\"contentUrl\":\"https:\\\/\\\/etc-guarantee.com\\\/wp-content\\\/uploads\\\/2023\\\/05\\\/avatar-300x300-1.jpg\",\"width\":300,\"height\":300,\"caption\":\"ETC - Export Trading & Cooperation\"},\"image\":{\"@id\":\"https:\\\/\\\/etc-guarantee.com\\\/#\\\/schema\\\/logo\\\/image\\\/\"},\"sameAs\":[\"https:\\\/\\\/it.linkedin.com\\\/company\\\/etcinvest\",\"https:\\\/\\\/www.youtube.com\\\/channel\\\/UCuauiXDlV8tSNQ5_9Q514hw\"]}]}<\/script>\n<!-- \/ Yoast SEO Premium plugin. -->","yoast_head_json":{"title":"SBLC Garantie de paiement \u00e0 l'international - ETC Guarantee","description":"La Garantie de Paiement \u00e0 l'International Standby Letter of Credit (SBLC) d'ETC est une solution de financement con\u00e7ue pour s\u00e9curiser...","robots":{"index":"index","follow":"follow","max-snippet":"max-snippet:-1","max-image-preview":"max-image-preview:large","max-video-preview":"max-video-preview:-1"},"canonical":"https:\/\/etc-guarantee.com\/index.php\/fr\/sblc-garantie-de-paiement-a-l-international\/","og_locale":"en_US","og_type":"article","og_title":"SBLC Garantie de paiement \u00e0 l'international","og_description":"La Garantie de Paiement \u00e0 l'International Standby Letter of Credit (SBLC) d'ETC est une solution de financement con\u00e7ue pour s\u00e9curiser les transactions commerciales internationales pour les banques africaines et leurs clients corporates. Cette prestation offre une garantie de paiement irr\u00e9vocable, assurant ainsi des transactions fiables et s\u00e9curis\u00e9es","og_url":"https:\/\/etc-guarantee.com\/index.php\/fr\/sblc-garantie-de-paiement-a-l-international\/","og_site_name":"ETC Guarantee","article_modified_time":"2024-08-24T11:13:18+00:00","og_image":[{"width":1280,"height":771,"url":"https:\/\/etc-guarantee.com\/wp-content\/uploads\/2023\/10\/Master-Risk-Participation-Agreement-MRPA.png","type":"image\/png"}],"twitter_card":"summary_large_image","twitter_title":"SBLC Garantie de paiement \u00e0 l'international","twitter_description":"La Garantie de Paiement \u00e0 l'International Standby Letter of Credit (SBLC) d'ETC est une solution de financement con\u00e7ue pour s\u00e9curiser les transactions commerciales internationales pour les banques africaines et leurs clients corporates. Cette prestation offre une garantie de paiement irr\u00e9vocable, assurant ainsi des transactions fiables et s\u00e9curis\u00e9es","twitter_image":"https:\/\/etc-guarantee.com\/wp-content\/uploads\/2023\/10\/Master-Risk-Participation-Agreement-MRPA.png","twitter_misc":{"Est. reading time":"6 minutes"},"schema":{"@context":"https:\/\/schema.org","@graph":[{"@type":"WebPage","@id":"https:\/\/etc-guarantee.com\/index.php\/fr\/sblc-garantie-de-paiement-a-l-international\/","url":"https:\/\/etc-guarantee.com\/index.php\/fr\/sblc-garantie-de-paiement-a-l-international\/","name":"SBLC Garantie de paiement \u00e0 l'international - ETC Guarantee","isPartOf":{"@id":"https:\/\/etc-guarantee.com\/#website"},"primaryImageOfPage":{"@id":"https:\/\/etc-guarantee.com\/index.php\/fr\/sblc-garantie-de-paiement-a-l-international\/#primaryimage"},"image":{"@id":"https:\/\/etc-guarantee.com\/index.php\/fr\/sblc-garantie-de-paiement-a-l-international\/#primaryimage"},"thumbnailUrl":"https:\/\/etc-guarantee.com\/wp-content\/uploads\/2024\/07\/SBLC-International-Payment-Guarantee3.png","datePublished":"2024-07-19T16:12:25+00:00","dateModified":"2024-08-24T11:13:18+00:00","description":"La Garantie de Paiement \u00e0 l'International Standby Letter of Credit (SBLC) d'ETC est une solution de financement con\u00e7ue pour s\u00e9curiser...","breadcrumb":{"@id":"https:\/\/etc-guarantee.com\/index.php\/fr\/sblc-garantie-de-paiement-a-l-international\/#breadcrumb"},"inLanguage":"en-US","potentialAction":[{"@type":"ReadAction","target":["https:\/\/etc-guarantee.com\/index.php\/fr\/sblc-garantie-de-paiement-a-l-international\/"]}]},{"@type":"ImageObject","inLanguage":"en-US","@id":"https:\/\/etc-guarantee.com\/index.php\/fr\/sblc-garantie-de-paiement-a-l-international\/#primaryimage","url":"https:\/\/etc-guarantee.com\/wp-content\/uploads\/2024\/07\/SBLC-International-Payment-Guarantee3.png","contentUrl":"https:\/\/etc-guarantee.com\/wp-content\/uploads\/2024\/07\/SBLC-International-Payment-Guarantee3.png","width":1280,"height":771},{"@type":"BreadcrumbList","@id":"https:\/\/etc-guarantee.com\/index.php\/fr\/sblc-garantie-de-paiement-a-l-international\/#breadcrumb","itemListElement":[{"@type":"ListItem","position":1,"name":"Home","item":"https:\/\/etc-guarantee.com\/"},{"@type":"ListItem","position":2,"name":"SBLC Garantie de paiement \u00e0 l&#8217;international"}]},{"@type":"WebSite","@id":"https:\/\/etc-guarantee.com\/#website","url":"https:\/\/etc-guarantee.com\/","name":"ETC Guarantee","description":"Guarantee of market, investment and trade in Africa","publisher":{"@id":"https:\/\/etc-guarantee.com\/#organization"},"potentialAction":[{"@type":"SearchAction","target":{"@type":"EntryPoint","urlTemplate":"https:\/\/etc-guarantee.com\/?s={search_term_string}"},"query-input":{"@type":"PropertyValueSpecification","valueRequired":true,"valueName":"search_term_string"}}],"inLanguage":"en-US"},{"@type":"Organization","@id":"https:\/\/etc-guarantee.com\/#organization","name":"ETC - Export Trading & Cooperation","url":"https:\/\/etc-guarantee.com\/","logo":{"@type":"ImageObject","inLanguage":"en-US","@id":"https:\/\/etc-guarantee.com\/#\/schema\/logo\/image\/","url":"https:\/\/etc-guarantee.com\/wp-content\/uploads\/2023\/05\/avatar-300x300-1.jpg","contentUrl":"https:\/\/etc-guarantee.com\/wp-content\/uploads\/2023\/05\/avatar-300x300-1.jpg","width":300,"height":300,"caption":"ETC - Export Trading & Cooperation"},"image":{"@id":"https:\/\/etc-guarantee.com\/#\/schema\/logo\/image\/"},"sameAs":["https:\/\/it.linkedin.com\/company\/etcinvest","https:\/\/www.youtube.com\/channel\/UCuauiXDlV8tSNQ5_9Q514hw"]}]}},"_links":{"self":[{"href":"https:\/\/etc-guarantee.com\/index.php\/wp-json\/wp\/v2\/pages\/10105","targetHints":{"allow":["GET"]}}],"collection":[{"href":"https:\/\/etc-guarantee.com\/index.php\/wp-json\/wp\/v2\/pages"}],"about":[{"href":"https:\/\/etc-guarantee.com\/index.php\/wp-json\/wp\/v2\/types\/page"}],"author":[{"embeddable":true,"href":"https:\/\/etc-guarantee.com\/index.php\/wp-json\/wp\/v2\/users\/1"}],"replies":[{"embeddable":true,"href":"https:\/\/etc-guarantee.com\/index.php\/wp-json\/wp\/v2\/comments?post=10105"}],"version-history":[{"count":5,"href":"https:\/\/etc-guarantee.com\/index.php\/wp-json\/wp\/v2\/pages\/10105\/revisions"}],"predecessor-version":[{"id":10378,"href":"https:\/\/etc-guarantee.com\/index.php\/wp-json\/wp\/v2\/pages\/10105\/revisions\/10378"}],"wp:featuredmedia":[{"embeddable":true,"href":"https:\/\/etc-guarantee.com\/index.php\/wp-json\/wp\/v2\/media\/10099"}],"wp:attachment":[{"href":"https:\/\/etc-guarantee.com\/index.php\/wp-json\/wp\/v2\/media?parent=10105"}],"curies":[{"name":"wp","href":"https:\/\/api.w.org\/{rel}","templated":true}]}}